{"id":148,"date":"2025-01-12T06:54:42","date_gmt":"2025-01-12T05:54:42","guid":{"rendered":"https:\/\/rennovastudio.com\/?page_id=148"},"modified":"2025-05-28T17:40:52","modified_gmt":"2025-05-28T15:40:52","slug":"vender","status":"publish","type":"page","link":"https:\/\/rennovastudio.com\/ca\/vender\/","title":{"rendered":"Vendre"},"content":{"rendered":"<div data-elementor-type=\"wp-page\" data-elementor-id=\"148\" class=\"elementor elementor-148\" data-elementor-post-type=\"page\">\n\t\t\t\t<div class=\"elementor-element elementor-element-138fa60 e-flex e-con-boxed e-con e-parent\" data-id=\"138fa60\" data-element_type=\"container\" data-e-type=\"container\">\n\t\t\t\t\t<div class=\"e-con-inner\">\n\t\t<div class=\"elementor-element elementor-element-5d9543a e-con-full e-flex e-con e-child\" data-id=\"5d9543a\" data-element_type=\"container\" data-e-type=\"container\">\n\t\t\t\t<div class=\"elementor-element elementor-element-ab6ff76 de_scroll_animation_no elementor-widget elementor-widget-image\" data-id=\"ab6ff76\" data-element_type=\"widget\" data-e-type=\"widget\" data-settings=\"{&quot;sticky&quot;:&quot;top&quot;,&quot;sticky_on&quot;:[&quot;tablet&quot;],&quot;sticky_parent&quot;:&quot;yes&quot;,&quot;sticky_offset&quot;:0,&quot;sticky_effects_offset&quot;:0,&quot;sticky_anchor_link_offset&quot;:0}\" data-widget_type=\"image.default\">\n\t\t\t\t<div class=\"elementor-widget-container\">\n\t\t\t\t\t\t\t\t\t\t\t\t\t\t\t<img fetchpriority=\"high\" decoding=\"async\" width=\"580\" height=\"515\" src=\"https:\/\/rennovastudio.com\/wp-content\/uploads\/2025\/05\/12.jpg\" class=\"attachment-large size-large wp-image-1673\" alt=\"\" srcset=\"https:\/\/rennovastudio.com\/wp-content\/uploads\/2025\/05\/12.jpg 580w, https:\/\/rennovastudio.com\/wp-content\/uploads\/2025\/05\/12-300x266.jpg 300w\" sizes=\"(max-width: 580px) 100vw, 580px\" \/>\t\t\t\t\t\t\t\t\t\t\t\t\t\t\t<\/div>\n\t\t\t\t<\/div>\n\t\t\t\t<\/div>\n\t\t<div class=\"elementor-element elementor-element-eaf2c94 e-con-full e-flex e-con e-child\" data-id=\"eaf2c94\" data-element_type=\"container\" data-e-type=\"container\">\n\t\t\t\t<div class=\"elementor-element elementor-element-a6ba7bf de_scroll_animation_no elementor-invisible elementor-widget elementor-widget-heading\" data-id=\"a6ba7bf\" data-element_type=\"widget\" data-e-type=\"widget\" data-settings=\"{&quot;_animation&quot;:&quot;fadeInUp&quot;}\" data-widget_type=\"heading.default\">\n\t\t\t\t<div class=\"elementor-widget-container\">\n\t\t\t\t\t<h2 class=\"elementor-heading-title elementor-size-default\">Proximitat, transpar\u00e8ncia i honestedat<\/h2>\t\t\t\t<\/div>\n\t\t\t\t<\/div>\n\t\t\t\t<div class=\"elementor-element elementor-element-7bcb742 de_scroll_animation_no elementor-widget elementor-widget-text-editor\" data-id=\"7bcb742\" data-element_type=\"widget\" data-e-type=\"widget\" data-widget_type=\"text-editor.default\">\n\t\t\t\t<div class=\"elementor-widget-container\">\n\t\t\t\t\t\t\t\t\t<p>A Rennova Studio Real Estate entenem que la venda d&#039;un immoble \u00e9s molt m\u00e9s que un simple tr\u00e0mit: \u00e9s un projecte personal, un proc\u00e9s ple de detalls que requereix cura, dedicaci\u00f3 i una estrat\u00e8gia que potenci\u00ef el valor de cada propietat. Ens centrem en oferir un servei immobiliari personalitzat i a mida, adaptat a les necessitats i expectatives de cada propietari. El nostre equip est\u00e0 especialitzat a les zones de \u00a0<strong>Barcelona, Maresme i la Costa Brava.\u00a0<\/strong><\/p><p><span style=\"font-weight: 400;\">El que ens distingeix \u00e9s la nostra total transpar\u00e8ncia a cada pas del proc\u00e9s. Mantenim els nostres clients informats i tranquils al llarg de tot el proc\u00e9s de venda, amb una comunicaci\u00f3 oberta i sense sorpreses. Ens assegurem que cada decisi\u00f3 estigui basada en una an\u00e0lisi clara i honesta del mercat, adaptada als seus objectius espec\u00edfics.<\/span><\/p>\t\t\t\t\t\t\t\t<\/div>\n\t\t\t\t<\/div>\n\t\t\t\t<\/div>\n\t\t\t\t\t<\/div>\n\t\t\t\t<\/div>\n\t\t<div class=\"elementor-element elementor-element-54c8bd3 e-flex e-con-boxed e-con e-parent\" data-id=\"54c8bd3\" data-element_type=\"container\" data-e-type=\"container\">\n\t\t\t\t\t<div class=\"e-con-inner\">\n\t\t<div class=\"elementor-element elementor-element-de1a35f e-con-full e-flex e-con e-child\" data-id=\"de1a35f\" data-element_type=\"container\" data-e-type=\"container\">\n\t\t\t\t<div class=\"elementor-element elementor-element-4742f1b de_scroll_animation_no elementor-invisible elementor-widget elementor-widget-heading\" data-id=\"4742f1b\" data-element_type=\"widget\" data-e-type=\"widget\" data-settings=\"{&quot;_animation&quot;:&quot;fadeInUp&quot;}\" data-widget_type=\"heading.default\">\n\t\t\t\t<div class=\"elementor-widget-container\">\n\t\t\t\t\t<h2 class=\"elementor-heading-title elementor-size-default\">Maximitzem el valor de la teva propietat<\/h2>\t\t\t\t<\/div>\n\t\t\t\t<\/div>\n\t\t\t\t<div class=\"elementor-element elementor-element-f1d6f0b de_scroll_animation_no elementor-widget elementor-widget-text-editor\" data-id=\"f1d6f0b\" data-element_type=\"widget\" data-e-type=\"widget\" data-widget_type=\"text-editor.default\">\n\t\t\t\t<div class=\"elementor-widget-container\">\n\t\t\t\t\t\t\t\t\t<p><span style=\"font-weight: 400;\">A m\u00e9s, entenem que la imatge ho \u00e9s tot a la venda d&#039;un immoble. Per aix\u00f2, posem un enfocament especial a la presentaci\u00f3 i el disseny. Cada propietat que gestionem rep una atenci\u00f3 detallada quant a fotografia professional, homestaging (si cal) i material visual d&#039;alta qualitat, per tal que cada espai es mostri en la millor versi\u00f3.<\/span><\/p><p><span style=\"font-weight: 400;\">El proc\u00e9s de venda no s&#039;acaba amb la presentaci\u00f3 de l&#039;immoble. Treballem en la difusi\u00f3 de cada propietat a tots els nivells, utilitzant una combinaci\u00f3 de canals en l\u00ednia i offline per assegurar la m\u00e0xima visibilitat. Ja sigui a portals immobiliaris (nacionals i internacionals), xarxes socials, o mitjan\u00e7ant estrat\u00e8gies de m\u00e0rqueting personalitzades, ens encarreguem d&#039;arribar al p\u00fablic adequat en el moment adequat.<\/span><\/p>\t\t\t\t\t\t\t\t<\/div>\n\t\t\t\t<\/div>\n\t\t\t\t<div class=\"elementor-element elementor-element-38ba36c de_scroll_animation_no elementor-invisible elementor-widget elementor-widget-heading\" data-id=\"38ba36c\" data-element_type=\"widget\" data-e-type=\"widget\" data-settings=\"{&quot;_animation&quot;:&quot;fadeInUp&quot;}\" data-widget_type=\"heading.default\">\n\t\t\t\t<div class=\"elementor-widget-container\">\n\t\t\t\t\t<h2 class=\"elementor-heading-title elementor-size-default\">Acompanyament a cada pas<\/h2>\t\t\t\t<\/div>\n\t\t\t\t<\/div>\n\t\t\t\t<div class=\"elementor-element elementor-element-349c15c de_scroll_animation_no elementor-widget elementor-widget-text-editor\" data-id=\"349c15c\" data-element_type=\"widget\" data-e-type=\"widget\" data-widget_type=\"text-editor.default\">\n\t\t\t\t<div class=\"elementor-widget-container\">\n\t\t\t\t\t\t\t\t\t<p><span style=\"font-weight: 400;\">A m\u00e9s, acompanyem els nostres clients a cada pas del proc\u00e9s de venda: des de la primera avaluaci\u00f3 de l&#039;immoble fins al tancament de la transacci\u00f3. Ens assegurem que totes les etapes es gestionin amb la m\u00e0xima professionalitat, proporcionant assessoria jur\u00eddica i administrativa si cal, i facilitant la comunicaci\u00f3 amb els compradors per garantir un proc\u00e9s de negociaci\u00f3 fluid i sense contratemps.<\/span><\/p>\t\t\t\t\t\t\t\t<\/div>\n\t\t\t\t<\/div>\n\t\t\t\t<\/div>\n\t\t<div class=\"elementor-element elementor-element-72ec2f8 e-con-full e-flex e-con e-child\" data-id=\"72ec2f8\" data-element_type=\"container\" data-e-type=\"container\">\n\t\t\t\t<div class=\"elementor-element elementor-element-fa9dcc1 de_scroll_animation_no elementor-widget elementor-widget-image\" data-id=\"fa9dcc1\" data-element_type=\"widget\" data-e-type=\"widget\" data-settings=\"{&quot;sticky&quot;:&quot;top&quot;,&quot;sticky_on&quot;:[&quot;tablet&quot;],&quot;sticky_parent&quot;:&quot;yes&quot;,&quot;sticky_offset&quot;:0,&quot;sticky_effects_offset&quot;:0,&quot;sticky_anchor_link_offset&quot;:0}\" data-widget_type=\"image.default\">\n\t\t\t\t<div class=\"elementor-widget-container\">\n\t\t\t\t\t\t\t\t\t\t\t\t\t\t\t<img decoding=\"async\" width=\"583\" height=\"789\" src=\"https:\/\/rennovastudio.com\/wp-content\/uploads\/2025\/05\/11.jpg\" class=\"attachment-large size-large wp-image-1678\" alt=\"\" srcset=\"https:\/\/rennovastudio.com\/wp-content\/uploads\/2025\/05\/11.jpg 583w, https:\/\/rennovastudio.com\/wp-content\/uploads\/2025\/05\/11-222x300.jpg 222w\" sizes=\"(max-width: 583px) 100vw, 583px\" \/>\t\t\t\t\t\t\t\t\t\t\t\t\t\t\t<\/div>\n\t\t\t\t<\/div>\n\t\t\t\t<\/div>\n\t\t\t\t\t<\/div>\n\t\t\t\t<\/div>\n\t\t\t\t<\/div>","protected":false},"excerpt":{"rendered":"<p>Cercan\u00eda, transparencia y honestidad En\u00a0Rennova Studio Real Estate\u00a0entendemos que la venta de un inmueble es mucho m\u00e1s que un simple tr\u00e1mite: es un proyecto personal, un proceso lleno de detalles que requiere cuidado, dedicaci\u00f3n y una estrategia que potencie el valor de cada propiedad. Nos centramos en ofrecer un servicio inmobiliario\u00a0personalizado\u00a0y\u00a0a medida, adaptado a las [&hellip;]<\/p>","protected":false},"author":12,"featured_media":0,"parent":0,"menu_order":0,"comment_status":"closed","ping_status":"closed","template":"elementor_header_footer","meta":{"footnotes":""},"class_list":["post-148","page","type-page","status-publish","hentry"],"yoast_head":"<!-- This site is optimized with the Yoast SEO plugin v27.4 - https:\/\/yoast.com\/product\/yoast-seo-wordpress\/ -->\n<title>Vender - Rennova Studio<\/title>\n<meta name=\"robots\" content=\"index, follow, max-snippet:-1, max-image-preview:large, max-video-preview:-1\" \/>\n<link rel=\"canonical\" href=\"https:\/\/rennovastudio.com\/ca\/vender\/\" \/>\n<meta property=\"og:locale\" content=\"ca_ES\" \/>\n<meta property=\"og:type\" content=\"article\" \/>\n<meta property=\"og:title\" content=\"Vender - Rennova Studio\" \/>\n<meta property=\"og:description\" content=\"Cercan\u00eda, transparencia y honestidad En\u00a0Rennova Studio Real Estate\u00a0entendemos que la venta de un inmueble es mucho m\u00e1s que un simple tr\u00e1mite: es un proyecto personal, un proceso lleno de detalles que requiere cuidado, dedicaci\u00f3n y una estrategia que potencie el valor de cada propiedad. Nos centramos en ofrecer un servicio inmobiliario\u00a0personalizado\u00a0y\u00a0a medida, adaptado a las [&hellip;]\" \/>\n<meta property=\"og:url\" content=\"https:\/\/rennovastudio.com\/ca\/vender\/\" \/>\n<meta property=\"og:site_name\" content=\"Rennova Studio\" \/>\n<meta property=\"article:modified_time\" content=\"2025-05-28T15:40:52+00:00\" \/>\n<meta property=\"og:image\" content=\"https:\/\/rennovastudio.com\/wp-content\/uploads\/2025\/05\/12.jpg\" \/>\n<meta name=\"twitter:card\" content=\"summary_large_image\" \/>\n<script type=\"application\/ld+json\" class=\"yoast-schema-graph\">{\"@context\":\"https:\\\/\\\/schema.org\",\"@graph\":[{\"@type\":\"WebPage\",\"@id\":\"https:\\\/\\\/rennovastudio.com\\\/vender\\\/\",\"url\":\"https:\\\/\\\/rennovastudio.com\\\/vender\\\/\",\"name\":\"Vender - Rennova Studio\",\"isPartOf\":{\"@id\":\"https:\\\/\\\/rennovastudio.com\\\/es\\\/#website\"},\"primaryImageOfPage\":{\"@id\":\"https:\\\/\\\/rennovastudio.com\\\/vender\\\/#primaryimage\"},\"image\":{\"@id\":\"https:\\\/\\\/rennovastudio.com\\\/vender\\\/#primaryimage\"},\"thumbnailUrl\":\"https:\\\/\\\/rennovastudio.com\\\/wp-content\\\/uploads\\\/2025\\\/05\\\/12.jpg\",\"datePublished\":\"2025-01-12T05:54:42+00:00\",\"dateModified\":\"2025-05-28T15:40:52+00:00\",\"breadcrumb\":{\"@id\":\"https:\\\/\\\/rennovastudio.com\\\/vender\\\/#breadcrumb\"},\"inLanguage\":\"ca\",\"potentialAction\":[{\"@type\":\"ReadAction\",\"target\":[\"https:\\\/\\\/rennovastudio.com\\\/vender\\\/\"]}]},{\"@type\":\"ImageObject\",\"inLanguage\":\"ca\",\"@id\":\"https:\\\/\\\/rennovastudio.com\\\/vender\\\/#primaryimage\",\"url\":\"https:\\\/\\\/rennovastudio.com\\\/wp-content\\\/uploads\\\/2025\\\/05\\\/12.jpg\",\"contentUrl\":\"https:\\\/\\\/rennovastudio.com\\\/wp-content\\\/uploads\\\/2025\\\/05\\\/12.jpg\"},{\"@type\":\"BreadcrumbList\",\"@id\":\"https:\\\/\\\/rennovastudio.com\\\/vender\\\/#breadcrumb\",\"itemListElement\":[{\"@type\":\"ListItem\",\"position\":1,\"name\":\"Portada\",\"item\":\"https:\\\/\\\/rennovastudio.com\\\/es\\\/\"},{\"@type\":\"ListItem\",\"position\":2,\"name\":\"Vender\"}]},{\"@type\":\"WebSite\",\"@id\":\"https:\\\/\\\/rennovastudio.com\\\/es\\\/#website\",\"url\":\"https:\\\/\\\/rennovastudio.com\\\/es\\\/\",\"name\":\"Rennova Studio\",\"description\":\"Barcelona, S.L.\",\"potentialAction\":[{\"@type\":\"SearchAction\",\"target\":{\"@type\":\"EntryPoint\",\"urlTemplate\":\"https:\\\/\\\/rennovastudio.com\\\/es\\\/?s={search_term_string}\"},\"query-input\":{\"@type\":\"PropertyValueSpecification\",\"valueRequired\":true,\"valueName\":\"search_term_string\"}}],\"inLanguage\":\"ca\"}]}<\/script>\n<!-- \/ Yoast SEO plugin. -->","yoast_head_json":{"title":"Vender - Rennova Studio","robots":{"index":"index","follow":"follow","max-snippet":"max-snippet:-1","max-image-preview":"max-image-preview:large","max-video-preview":"max-video-preview:-1"},"canonical":"https:\/\/rennovastudio.com\/ca\/vender\/","og_locale":"ca_ES","og_type":"article","og_title":"Vender - Rennova Studio","og_description":"Cercan\u00eda, transparencia y honestidad En\u00a0Rennova Studio Real Estate\u00a0entendemos que la venta de un inmueble es mucho m\u00e1s que un simple tr\u00e1mite: es un proyecto personal, un proceso lleno de detalles que requiere cuidado, dedicaci\u00f3n y una estrategia que potencie el valor de cada propiedad. Nos centramos en ofrecer un servicio inmobiliario\u00a0personalizado\u00a0y\u00a0a medida, adaptado a las [&hellip;]","og_url":"https:\/\/rennovastudio.com\/ca\/vender\/","og_site_name":"Rennova Studio","article_modified_time":"2025-05-28T15:40:52+00:00","og_image":[{"url":"https:\/\/rennovastudio.com\/wp-content\/uploads\/2025\/05\/12.jpg","type":"","width":"","height":""}],"twitter_card":"summary_large_image","schema":{"@context":"https:\/\/schema.org","@graph":[{"@type":"WebPage","@id":"https:\/\/rennovastudio.com\/vender\/","url":"https:\/\/rennovastudio.com\/vender\/","name":"Vender - Rennova Studio","isPartOf":{"@id":"https:\/\/rennovastudio.com\/es\/#website"},"primaryImageOfPage":{"@id":"https:\/\/rennovastudio.com\/vender\/#primaryimage"},"image":{"@id":"https:\/\/rennovastudio.com\/vender\/#primaryimage"},"thumbnailUrl":"https:\/\/rennovastudio.com\/wp-content\/uploads\/2025\/05\/12.jpg","datePublished":"2025-01-12T05:54:42+00:00","dateModified":"2025-05-28T15:40:52+00:00","breadcrumb":{"@id":"https:\/\/rennovastudio.com\/vender\/#breadcrumb"},"inLanguage":"ca","potentialAction":[{"@type":"ReadAction","target":["https:\/\/rennovastudio.com\/vender\/"]}]},{"@type":"ImageObject","inLanguage":"ca","@id":"https:\/\/rennovastudio.com\/vender\/#primaryimage","url":"https:\/\/rennovastudio.com\/wp-content\/uploads\/2025\/05\/12.jpg","contentUrl":"https:\/\/rennovastudio.com\/wp-content\/uploads\/2025\/05\/12.jpg"},{"@type":"BreadcrumbList","@id":"https:\/\/rennovastudio.com\/vender\/#breadcrumb","itemListElement":[{"@type":"ListItem","position":1,"name":"Portada","item":"https:\/\/rennovastudio.com\/es\/"},{"@type":"ListItem","position":2,"name":"Vender"}]},{"@type":"WebSite","@id":"https:\/\/rennovastudio.com\/es\/#website","url":"https:\/\/rennovastudio.com\/es\/","name":"Rennova Studio","description":"Barcelona, S.L.","potentialAction":[{"@type":"SearchAction","target":{"@type":"EntryPoint","urlTemplate":"https:\/\/rennovastudio.com\/es\/?s={search_term_string}"},"query-input":{"@type":"PropertyValueSpecification","valueRequired":true,"valueName":"search_term_string"}}],"inLanguage":"ca"}]}},"_links":{"self":[{"href":"https:\/\/rennovastudio.com\/ca\/wp-json\/wp\/v2\/pages\/148","targetHints":{"allow":["GET"]}}],"collection":[{"href":"https:\/\/rennovastudio.com\/ca\/wp-json\/wp\/v2\/pages"}],"about":[{"href":"https:\/\/rennovastudio.com\/ca\/wp-json\/wp\/v2\/types\/page"}],"author":[{"embeddable":true,"href":"https:\/\/rennovastudio.com\/ca\/wp-json\/wp\/v2\/users\/12"}],"replies":[{"embeddable":true,"href":"https:\/\/rennovastudio.com\/ca\/wp-json\/wp\/v2\/comments?post=148"}],"version-history":[{"count":0,"href":"https:\/\/rennovastudio.com\/ca\/wp-json\/wp\/v2\/pages\/148\/revisions"}],"wp:attachment":[{"href":"https:\/\/rennovastudio.com\/ca\/wp-json\/wp\/v2\/media?parent=148"}],"curies":[{"name":"wp","href":"https:\/\/api.w.org\/{rel}","templated":true}]}}