{"id":149,"date":"2025-01-12T06:55:28","date_gmt":"2025-01-12T05:55:28","guid":{"rendered":"https:\/\/rennovastudio.com\/?page_id=149"},"modified":"2025-06-26T08:00:06","modified_gmt":"2025-06-26T06:00:06","slug":"invertir","status":"publish","type":"page","link":"https:\/\/rennovastudio.com\/ca\/invertir\/","title":{"rendered":"Invertir"},"content":{"rendered":"<div data-elementor-type=\"wp-page\" data-elementor-id=\"149\" class=\"elementor elementor-149\" data-elementor-post-type=\"page\">\n\t\t\t\t<div class=\"elementor-element elementor-element-ba4a652 e-flex e-con-boxed e-con e-parent\" data-id=\"ba4a652\" data-element_type=\"container\" data-e-type=\"container\">\n\t\t\t\t\t<div class=\"e-con-inner\">\n\t\t<div class=\"elementor-element elementor-element-cd50c57 e-con-full e-flex e-con e-child\" data-id=\"cd50c57\" data-element_type=\"container\" data-e-type=\"container\">\n\t\t\t\t<div class=\"elementor-element elementor-element-632805c de_scroll_animation_no elementor-widget elementor-widget-text-editor\" data-id=\"632805c\" data-element_type=\"widget\" data-e-type=\"widget\" data-widget_type=\"text-editor.default\">\n\t\t\t\t<div class=\"elementor-widget-container\">\n\t\t\t\t\t\t\t\t\t<p><span style=\"font-weight: 400;\">A Rennova Studio Real Estate sabem que la inversi\u00f3 immobili\u00e0ria no \u00e9s nom\u00e9s una q\u00fcesti\u00f3 de n\u00fameros, sin\u00f3 una decisi\u00f3 estrat\u00e8gica que pot transformar el teu futur.<\/span><\/p><p><span style=\"font-weight: 400;\">Cada inversor \u00e9s \u00fanic, i cada oportunitat immobili\u00e0ria tamb\u00e9 ho \u00e9s. Per aix\u00f2 dissenyem un pla d&#039;inversi\u00f3 personalitzat basat en els vostres objectius espec\u00edfics. Ja siguis un inversor experimentat o estiguis fent els teus primers passos al m\u00f3n immobiliari, t&#039;oferim una an\u00e0lisi detallada del mercat, identificant les oportunitats m\u00e9s rendibles i alineades amb el teu perfil d&#039;inversi\u00f3. Ens assegurem que cada decisi\u00f3 sigui recolzada per un estudi exhaustiu i una entesa profunda del mercat.<\/span><\/p><p><span style=\"font-weight: 400;\">Si cerques un acompanyament expert i fiable en el m\u00f3n de la inversi\u00f3 immobili\u00e0ria, no dubtis en contactar-nos. T&#039;ajudarem a transformar els teus objectius financers en projectes d&#039;\u00e8xit, maximitzant les teves oportunitats al mercat immobiliari.<\/span><\/p>\t\t\t\t\t\t\t\t<\/div>\n\t\t\t\t<\/div>\n\t\t\t\t<\/div>\n\t\t\t\t\t<\/div>\n\t\t\t\t<\/div>\n\t\t<div class=\"elementor-element elementor-element-9c7063f e-flex e-con-boxed e-con e-parent\" data-id=\"9c7063f\" data-element_type=\"container\" data-e-type=\"container\">\n\t\t\t\t\t<div class=\"e-con-inner\">\n\t\t<div class=\"elementor-element elementor-element-319e8c8 e-con-full e-flex e-con e-child\" data-id=\"319e8c8\" data-element_type=\"container\" data-e-type=\"container\">\n\t\t\t\t<div class=\"elementor-element elementor-element-95768a7 de_scroll_animation_no elementor-widget elementor-widget-heading\" data-id=\"95768a7\" data-element_type=\"widget\" data-e-type=\"widget\" data-widget_type=\"heading.default\">\n\t\t\t\t<div class=\"elementor-widget-container\">\n\t\t\t\t\t<h2 class=\"elementor-heading-title elementor-size-default\">\u00daltims projectes<\/h2>\t\t\t\t<\/div>\n\t\t\t\t<\/div>\n\t\t\t\t<\/div>\n\t\t<div class=\"elementor-element elementor-element-227bf50 e-con-full e-flex e-con e-child\" data-id=\"227bf50\" data-element_type=\"container\" data-e-type=\"container\">\n\t\t\t\t<div class=\"elementor-element elementor-element-f5d1348 ekit-equal-height-enable de_scroll_animation_no elementor-widget elementor-widget-elementskit-image-box\" data-id=\"f5d1348\" data-element_type=\"widget\" data-e-type=\"widget\" data-widget_type=\"elementskit-image-box.default\">\n\t\t\t\t<div class=\"elementor-widget-container\">\n\t\t\t\t\t<div class=\"ekit-wid-con\" >\n            <div class=\"elementskit-info-image-box ekit-image-box text-center style-modern\" >\n\n                \n                <div class=\"elementskit-box-header image-box-img-center\">\n\n                    <img fetchpriority=\"high\" decoding=\"async\" width=\"1350\" height=\"900\" src=\"https:\/\/rennovastudio.com\/wp-content\/uploads\/2025\/01\/Gemma_Sant-Agusti-DESPUES-22.jpg\" class=\"attachment-full size-full wp-image-879\" alt=\"\" srcset=\"https:\/\/rennovastudio.com\/wp-content\/uploads\/2025\/01\/Gemma_Sant-Agusti-DESPUES-22.jpg 1350w, https:\/\/rennovastudio.com\/wp-content\/uploads\/2025\/01\/Gemma_Sant-Agusti-DESPUES-22-300x200.jpg 300w, https:\/\/rennovastudio.com\/wp-content\/uploads\/2025\/01\/Gemma_Sant-Agusti-DESPUES-22-1024x683.jpg 1024w, https:\/\/rennovastudio.com\/wp-content\/uploads\/2025\/01\/Gemma_Sant-Agusti-DESPUES-22-768x512.jpg 768w\" sizes=\"(max-width: 1350px) 100vw, 1350px\" \/>\n                <\/div>\n                \n                <div class=\"elementskit-box-body ekit-image-box-body\">\n                    <div class=\"elementskit-box-content ekit-image-box-body-inner\">\n                                                <h3 class=\"elementskit-info-box-title\">\n\n                        Projecte Agust\u00ed\n                        \n                    <\/h3>\n                                                            <div class=\"elementskit-box-style-content\">\n                        <b>Modalitat:<\/b> CRV<br>\n<b>Rendibilitat:<\/b> 25%\n                    <\/div>\n                                    <\/div>\n\n                            <\/div>\n            <\/div>\n    <\/div>\t\t\t\t<\/div>\n\t\t\t\t<\/div>\n\t\t\t\t<\/div>\n\t\t<div class=\"elementor-element elementor-element-5076e50 e-con-full e-flex e-con e-child\" data-id=\"5076e50\" data-element_type=\"container\" data-e-type=\"container\">\n\t\t\t\t<div class=\"elementor-element elementor-element-6474d38 ekit-equal-height-enable de_scroll_animation_no elementor-widget elementor-widget-elementskit-image-box\" data-id=\"6474d38\" data-element_type=\"widget\" data-e-type=\"widget\" data-widget_type=\"elementskit-image-box.default\">\n\t\t\t\t<div class=\"elementor-widget-container\">\n\t\t\t\t\t<div class=\"ekit-wid-con\" >\n            <div class=\"elementskit-info-image-box ekit-image-box text-center style-modern\" >\n\n                \n                <div class=\"elementskit-box-header image-box-img-center\">\n\n                    <img decoding=\"async\" width=\"2560\" height=\"1707\" src=\"https:\/\/rennovastudio.com\/wp-content\/uploads\/2025\/01\/Rennova_Ramon-Berenguer-el-Vell-4-DESPUES-4-scaled.jpg\" class=\"attachment-full size-full wp-image-907\" alt=\"\" srcset=\"https:\/\/rennovastudio.com\/wp-content\/uploads\/2025\/01\/Rennova_Ramon-Berenguer-el-Vell-4-DESPUES-4-scaled.jpg 2560w, https:\/\/rennovastudio.com\/wp-content\/uploads\/2025\/01\/Rennova_Ramon-Berenguer-el-Vell-4-DESPUES-4-300x200.jpg 300w, https:\/\/rennovastudio.com\/wp-content\/uploads\/2025\/01\/Rennova_Ramon-Berenguer-el-Vell-4-DESPUES-4-1024x683.jpg 1024w, https:\/\/rennovastudio.com\/wp-content\/uploads\/2025\/01\/Rennova_Ramon-Berenguer-el-Vell-4-DESPUES-4-768x512.jpg 768w, https:\/\/rennovastudio.com\/wp-content\/uploads\/2025\/01\/Rennova_Ramon-Berenguer-el-Vell-4-DESPUES-4-1536x1024.jpg 1536w, https:\/\/rennovastudio.com\/wp-content\/uploads\/2025\/01\/Rennova_Ramon-Berenguer-el-Vell-4-DESPUES-4-2048x1365.jpg 2048w\" sizes=\"(max-width: 2560px) 100vw, 2560px\" \/>\n                <\/div>\n                \n                <div class=\"elementskit-box-body ekit-image-box-body\">\n                    <div class=\"elementskit-box-content ekit-image-box-body-inner\">\n                                                <h3 class=\"elementskit-info-box-title\">\n\n                        Projecte Berenguer\n                        \n                    <\/h3>\n                                                            <div class=\"elementskit-box-style-content\">\n                        <b>Modalitat:<\/b> CRV<br>\n<b>Rendibilitat:<\/b> 23%\n                    <\/div>\n                                    <\/div>\n\n                            <\/div>\n            <\/div>\n    <\/div>\t\t\t\t<\/div>\n\t\t\t\t<\/div>\n\t\t\t\t<\/div>\n\t\t<div class=\"elementor-element elementor-element-14248c4 e-con-full e-flex e-con e-child\" data-id=\"14248c4\" data-element_type=\"container\" data-e-type=\"container\">\n\t\t\t\t<div class=\"elementor-element elementor-element-940bbdc ekit-equal-height-enable de_scroll_animation_no elementor-widget elementor-widget-elementskit-image-box\" data-id=\"940bbdc\" data-element_type=\"widget\" data-e-type=\"widget\" data-widget_type=\"elementskit-image-box.default\">\n\t\t\t\t<div class=\"elementor-widget-container\">\n\t\t\t\t\t<div class=\"ekit-wid-con\" >\n            <div class=\"elementskit-info-image-box ekit-image-box text-center style-modern\" >\n\n                \n                <div class=\"elementskit-box-header image-box-img-center\">\n\n                    <img decoding=\"async\" width=\"2560\" height=\"1707\" src=\"https:\/\/rennovastudio.com\/wp-content\/uploads\/2025\/01\/Rennova_Av.-Mare-de-Deu-de-Montserrat-DESPUES-17-1-scaled.jpg\" class=\"attachment-full size-full wp-image-911\" alt=\"\" srcset=\"https:\/\/rennovastudio.com\/wp-content\/uploads\/2025\/01\/Rennova_Av.-Mare-de-Deu-de-Montserrat-DESPUES-17-1-scaled.jpg 2560w, https:\/\/rennovastudio.com\/wp-content\/uploads\/2025\/01\/Rennova_Av.-Mare-de-Deu-de-Montserrat-DESPUES-17-1-300x200.jpg 300w, https:\/\/rennovastudio.com\/wp-content\/uploads\/2025\/01\/Rennova_Av.-Mare-de-Deu-de-Montserrat-DESPUES-17-1-1024x683.jpg 1024w, https:\/\/rennovastudio.com\/wp-content\/uploads\/2025\/01\/Rennova_Av.-Mare-de-Deu-de-Montserrat-DESPUES-17-1-768x512.jpg 768w, https:\/\/rennovastudio.com\/wp-content\/uploads\/2025\/01\/Rennova_Av.-Mare-de-Deu-de-Montserrat-DESPUES-17-1-1536x1024.jpg 1536w, https:\/\/rennovastudio.com\/wp-content\/uploads\/2025\/01\/Rennova_Av.-Mare-de-Deu-de-Montserrat-DESPUES-17-1-2048x1365.jpg 2048w\" sizes=\"(max-width: 2560px) 100vw, 2560px\" \/>\n                <\/div>\n                \n                <div class=\"elementskit-box-body ekit-image-box-body\">\n                    <div class=\"elementskit-box-content ekit-image-box-body-inner\">\n                                                <h3 class=\"elementskit-info-box-title\">\n\n                        Projecte Montserrat\n                        \n                    <\/h3>\n                                                            <div class=\"elementskit-box-style-content\">\n                        <b>Modalitat:<\/b> CRV<br>\n<b>Rendibilitat:<\/b> 27%\n                    <\/div>\n                                    <\/div>\n\n                            <\/div>\n            <\/div>\n    <\/div>\t\t\t\t<\/div>\n\t\t\t\t<\/div>\n\t\t\t\t<\/div>\n\t\t<div class=\"elementor-element elementor-element-b083d26 e-con-full e-flex e-con e-child\" data-id=\"b083d26\" data-element_type=\"container\" data-e-type=\"container\">\n\t\t\t\t<div class=\"elementor-element elementor-element-22c6ce0 ekit-equal-height-enable de_scroll_animation_no elementor-widget elementor-widget-elementskit-image-box\" data-id=\"22c6ce0\" data-element_type=\"widget\" data-e-type=\"widget\" data-widget_type=\"elementskit-image-box.default\">\n\t\t\t\t<div class=\"elementor-widget-container\">\n\t\t\t\t\t<div class=\"ekit-wid-con\" >\n            <div class=\"elementskit-info-image-box ekit-image-box text-center style-modern\" >\n\n                \n                <div class=\"elementskit-box-header image-box-img-center\">\n\n                    <img loading=\"lazy\" decoding=\"async\" width=\"2560\" height=\"1707\" src=\"https:\/\/rennovastudio.com\/wp-content\/uploads\/2025\/01\/Rennova_Av.-Can-Baro-4-scaled.jpg\" class=\"attachment-full size-full wp-image-916\" alt=\"\" srcset=\"https:\/\/rennovastudio.com\/wp-content\/uploads\/2025\/01\/Rennova_Av.-Can-Baro-4-scaled.jpg 2560w, https:\/\/rennovastudio.com\/wp-content\/uploads\/2025\/01\/Rennova_Av.-Can-Baro-4-300x200.jpg 300w, https:\/\/rennovastudio.com\/wp-content\/uploads\/2025\/01\/Rennova_Av.-Can-Baro-4-1024x683.jpg 1024w, https:\/\/rennovastudio.com\/wp-content\/uploads\/2025\/01\/Rennova_Av.-Can-Baro-4-768x512.jpg 768w, https:\/\/rennovastudio.com\/wp-content\/uploads\/2025\/01\/Rennova_Av.-Can-Baro-4-1536x1024.jpg 1536w, https:\/\/rennovastudio.com\/wp-content\/uploads\/2025\/01\/Rennova_Av.-Can-Baro-4-2048x1365.jpg 2048w\" sizes=\"(max-width: 2560px) 100vw, 2560px\" \/>\n                <\/div>\n                \n                <div class=\"elementskit-box-body ekit-image-box-body\">\n                    <div class=\"elementskit-box-content ekit-image-box-body-inner\">\n                                                <h3 class=\"elementskit-info-box-title\">\n\n                        Projecte Bar\u00f3\n                        \n                    <\/h3>\n                                                            <div class=\"elementskit-box-style-content\">\n                        <b>Modalitat:<\/b> CRA<br>\n<b>Rendibilitat:<\/b> 8%\n                    <\/div>\n                                    <\/div>\n\n                            <\/div>\n            <\/div>\n    <\/div>\t\t\t\t<\/div>\n\t\t\t\t<\/div>\n\t\t\t\t<\/div>\n\t\t\t\t\t<\/div>\n\t\t\t\t<\/div>\n\t\t\t\t<\/div>","protected":false},"excerpt":{"rendered":"<p>En\u00a0Rennova Studio Real Estate sabemos que la inversi\u00f3n inmobiliaria no es solo una cuesti\u00f3n de n\u00fameros, sino una decisi\u00f3n estrat\u00e9gica que puede transformar tu futuro. Con nuestro servicio de\u00a0acompa\u00f1amiento en inversi\u00f3n inmobiliaria, te ayudamos a tomar decisiones informadas, maximizar el rendimiento de tu cartera y minimizar los riesgos, siempre con un enfoque personalizado y a [&hellip;]<\/p>","protected":false},"author":12,"featured_media":0,"parent":0,"menu_order":0,"comment_status":"closed","ping_status":"closed","template":"","meta":{"footnotes":""},"class_list":["post-149","page","type-page","status-publish","hentry"],"yoast_head":"<!-- This site is optimized with the Yoast SEO plugin v27.4 - https:\/\/yoast.com\/product\/yoast-seo-wordpress\/ -->\n<title>Invertir - Rennova Studio<\/title>\n<meta name=\"robots\" content=\"index, follow, max-snippet:-1, max-image-preview:large, max-video-preview:-1\" \/>\n<link rel=\"canonical\" href=\"https:\/\/rennovastudio.com\/ca\/invertir\/\" \/>\n<meta property=\"og:locale\" content=\"ca_ES\" \/>\n<meta property=\"og:type\" content=\"article\" \/>\n<meta property=\"og:title\" content=\"Invertir - Rennova Studio\" \/>\n<meta property=\"og:description\" content=\"En\u00a0Rennova Studio Real Estate sabemos que la inversi\u00f3n inmobiliaria no es solo una cuesti\u00f3n de n\u00fameros, sino una decisi\u00f3n estrat\u00e9gica que puede transformar tu futuro. Con nuestro servicio de\u00a0acompa\u00f1amiento en inversi\u00f3n inmobiliaria, te ayudamos a tomar decisiones informadas, maximizar el rendimiento de tu cartera y minimizar los riesgos, siempre con un enfoque personalizado y a [&hellip;]\" \/>\n<meta property=\"og:url\" content=\"https:\/\/rennovastudio.com\/ca\/invertir\/\" \/>\n<meta property=\"og:site_name\" content=\"Rennova Studio\" \/>\n<meta property=\"article:modified_time\" content=\"2025-06-26T06:00:06+00:00\" \/>\n<meta property=\"og:image\" content=\"https:\/\/rennovastudio.com\/wp-content\/uploads\/2025\/01\/Gemma_Sant-Agusti-DESPUES-22.jpg\" \/>\n<meta name=\"twitter:card\" content=\"summary_large_image\" \/>\n<script type=\"application\/ld+json\" class=\"yoast-schema-graph\">{\"@context\":\"https:\\\/\\\/schema.org\",\"@graph\":[{\"@type\":\"WebPage\",\"@id\":\"https:\\\/\\\/rennovastudio.com\\\/invertir\\\/\",\"url\":\"https:\\\/\\\/rennovastudio.com\\\/invertir\\\/\",\"name\":\"Invertir - Rennova Studio\",\"isPartOf\":{\"@id\":\"https:\\\/\\\/rennovastudio.com\\\/es\\\/#website\"},\"primaryImageOfPage\":{\"@id\":\"https:\\\/\\\/rennovastudio.com\\\/invertir\\\/#primaryimage\"},\"image\":{\"@id\":\"https:\\\/\\\/rennovastudio.com\\\/invertir\\\/#primaryimage\"},\"thumbnailUrl\":\"https:\\\/\\\/rennovastudio.com\\\/wp-content\\\/uploads\\\/2025\\\/01\\\/Gemma_Sant-Agusti-DESPUES-22.jpg\",\"datePublished\":\"2025-01-12T05:55:28+00:00\",\"dateModified\":\"2025-06-26T06:00:06+00:00\",\"breadcrumb\":{\"@id\":\"https:\\\/\\\/rennovastudio.com\\\/invertir\\\/#breadcrumb\"},\"inLanguage\":\"ca\",\"potentialAction\":[{\"@type\":\"ReadAction\",\"target\":[\"https:\\\/\\\/rennovastudio.com\\\/invertir\\\/\"]}]},{\"@type\":\"ImageObject\",\"inLanguage\":\"ca\",\"@id\":\"https:\\\/\\\/rennovastudio.com\\\/invertir\\\/#primaryimage\",\"url\":\"https:\\\/\\\/rennovastudio.com\\\/wp-content\\\/uploads\\\/2025\\\/01\\\/Gemma_Sant-Agusti-DESPUES-22.jpg\",\"contentUrl\":\"https:\\\/\\\/rennovastudio.com\\\/wp-content\\\/uploads\\\/2025\\\/01\\\/Gemma_Sant-Agusti-DESPUES-22.jpg\"},{\"@type\":\"BreadcrumbList\",\"@id\":\"https:\\\/\\\/rennovastudio.com\\\/invertir\\\/#breadcrumb\",\"itemListElement\":[{\"@type\":\"ListItem\",\"position\":1,\"name\":\"Portada\",\"item\":\"https:\\\/\\\/rennovastudio.com\\\/es\\\/\"},{\"@type\":\"ListItem\",\"position\":2,\"name\":\"Invertir\"}]},{\"@type\":\"WebSite\",\"@id\":\"https:\\\/\\\/rennovastudio.com\\\/es\\\/#website\",\"url\":\"https:\\\/\\\/rennovastudio.com\\\/es\\\/\",\"name\":\"Rennova Studio\",\"description\":\"Barcelona, S.L.\",\"potentialAction\":[{\"@type\":\"SearchAction\",\"target\":{\"@type\":\"EntryPoint\",\"urlTemplate\":\"https:\\\/\\\/rennovastudio.com\\\/es\\\/?s={search_term_string}\"},\"query-input\":{\"@type\":\"PropertyValueSpecification\",\"valueRequired\":true,\"valueName\":\"search_term_string\"}}],\"inLanguage\":\"ca\"}]}<\/script>\n<!-- \/ Yoast SEO plugin. -->","yoast_head_json":{"title":"Invertir - Rennova Studio","robots":{"index":"index","follow":"follow","max-snippet":"max-snippet:-1","max-image-preview":"max-image-preview:large","max-video-preview":"max-video-preview:-1"},"canonical":"https:\/\/rennovastudio.com\/ca\/invertir\/","og_locale":"ca_ES","og_type":"article","og_title":"Invertir - Rennova Studio","og_description":"En\u00a0Rennova Studio Real Estate sabemos que la inversi\u00f3n inmobiliaria no es solo una cuesti\u00f3n de n\u00fameros, sino una decisi\u00f3n estrat\u00e9gica que puede transformar tu futuro. Con nuestro servicio de\u00a0acompa\u00f1amiento en inversi\u00f3n inmobiliaria, te ayudamos a tomar decisiones informadas, maximizar el rendimiento de tu cartera y minimizar los riesgos, siempre con un enfoque personalizado y a [&hellip;]","og_url":"https:\/\/rennovastudio.com\/ca\/invertir\/","og_site_name":"Rennova Studio","article_modified_time":"2025-06-26T06:00:06+00:00","og_image":[{"url":"https:\/\/rennovastudio.com\/wp-content\/uploads\/2025\/01\/Gemma_Sant-Agusti-DESPUES-22.jpg","type":"","width":"","height":""}],"twitter_card":"summary_large_image","schema":{"@context":"https:\/\/schema.org","@graph":[{"@type":"WebPage","@id":"https:\/\/rennovastudio.com\/invertir\/","url":"https:\/\/rennovastudio.com\/invertir\/","name":"Invertir - Rennova Studio","isPartOf":{"@id":"https:\/\/rennovastudio.com\/es\/#website"},"primaryImageOfPage":{"@id":"https:\/\/rennovastudio.com\/invertir\/#primaryimage"},"image":{"@id":"https:\/\/rennovastudio.com\/invertir\/#primaryimage"},"thumbnailUrl":"https:\/\/rennovastudio.com\/wp-content\/uploads\/2025\/01\/Gemma_Sant-Agusti-DESPUES-22.jpg","datePublished":"2025-01-12T05:55:28+00:00","dateModified":"2025-06-26T06:00:06+00:00","breadcrumb":{"@id":"https:\/\/rennovastudio.com\/invertir\/#breadcrumb"},"inLanguage":"ca","potentialAction":[{"@type":"ReadAction","target":["https:\/\/rennovastudio.com\/invertir\/"]}]},{"@type":"ImageObject","inLanguage":"ca","@id":"https:\/\/rennovastudio.com\/invertir\/#primaryimage","url":"https:\/\/rennovastudio.com\/wp-content\/uploads\/2025\/01\/Gemma_Sant-Agusti-DESPUES-22.jpg","contentUrl":"https:\/\/rennovastudio.com\/wp-content\/uploads\/2025\/01\/Gemma_Sant-Agusti-DESPUES-22.jpg"},{"@type":"BreadcrumbList","@id":"https:\/\/rennovastudio.com\/invertir\/#breadcrumb","itemListElement":[{"@type":"ListItem","position":1,"name":"Portada","item":"https:\/\/rennovastudio.com\/es\/"},{"@type":"ListItem","position":2,"name":"Invertir"}]},{"@type":"WebSite","@id":"https:\/\/rennovastudio.com\/es\/#website","url":"https:\/\/rennovastudio.com\/es\/","name":"Rennova Studio","description":"Barcelona, S.L.","potentialAction":[{"@type":"SearchAction","target":{"@type":"EntryPoint","urlTemplate":"https:\/\/rennovastudio.com\/es\/?s={search_term_string}"},"query-input":{"@type":"PropertyValueSpecification","valueRequired":true,"valueName":"search_term_string"}}],"inLanguage":"ca"}]}},"_links":{"self":[{"href":"https:\/\/rennovastudio.com\/ca\/wp-json\/wp\/v2\/pages\/149","targetHints":{"allow":["GET"]}}],"collection":[{"href":"https:\/\/rennovastudio.com\/ca\/wp-json\/wp\/v2\/pages"}],"about":[{"href":"https:\/\/rennovastudio.com\/ca\/wp-json\/wp\/v2\/types\/page"}],"author":[{"embeddable":true,"href":"https:\/\/rennovastudio.com\/ca\/wp-json\/wp\/v2\/users\/12"}],"replies":[{"embeddable":true,"href":"https:\/\/rennovastudio.com\/ca\/wp-json\/wp\/v2\/comments?post=149"}],"version-history":[{"count":3,"href":"https:\/\/rennovastudio.com\/ca\/wp-json\/wp\/v2\/pages\/149\/revisions"}],"predecessor-version":[{"id":1787,"href":"https:\/\/rennovastudio.com\/ca\/wp-json\/wp\/v2\/pages\/149\/revisions\/1787"}],"wp:attachment":[{"href":"https:\/\/rennovastudio.com\/ca\/wp-json\/wp\/v2\/media?parent=149"}],"curies":[{"name":"wp","href":"https:\/\/api.w.org\/{rel}","templated":true}]}}