{"id":150,"date":"2025-01-12T06:55:39","date_gmt":"2025-01-12T05:55:39","guid":{"rendered":"https:\/\/rennovastudio.com\/?page_id=150"},"modified":"2025-01-12T11:27:26","modified_gmt":"2025-01-12T10:27:26","slug":"otros-servicios","status":"publish","type":"page","link":"https:\/\/rennovastudio.com\/ca\/otros-servicios\/","title":{"rendered":"Altres serveis"},"content":{"rendered":"<div data-elementor-type=\"wp-page\" data-elementor-id=\"150\" class=\"elementor elementor-150\" data-elementor-post-type=\"page\">\n\t\t\t\t\t\t<section class=\"elementor-section elementor-top-section elementor-element elementor-element-831866e elementor-section-full_width elementor-section-height-default elementor-section-height-default\" data-id=\"831866e\" data-element_type=\"section\" data-e-type=\"section\" data-settings=\"{&quot;background_background&quot;:&quot;classic&quot;}\">\n\t\t\t\t\t\t<div class=\"elementor-container elementor-column-gap-default\">\n\t\t\t\t\t<div class=\"elementor-column elementor-col-100 elementor-top-column elementor-element elementor-element-e840912\" data-id=\"e840912\" data-element_type=\"column\" data-e-type=\"column\">\n\t\t\t<div class=\"elementor-widget-wrap elementor-element-populated\">\n\t\t\t\t\t<div class=\"elementor-background-overlay\"><\/div>\n\t\t\t\t\t\t<section class=\"elementor-section elementor-inner-section elementor-element elementor-element-ae5ba58 elementor-section-boxed elementor-section-height-default elementor-section-height-default\" data-id=\"ae5ba58\" data-element_type=\"section\" data-e-type=\"section\">\n\t\t\t\t\t\t<div class=\"elementor-container elementor-column-gap-default\">\n\t\t\t\t\t<div class=\"elementor-column elementor-col-100 elementor-inner-column elementor-element elementor-element-c796270\" data-id=\"c796270\" data-element_type=\"column\" data-e-type=\"column\">\n\t\t\t<div class=\"elementor-widget-wrap elementor-element-populated\">\n\t\t\t\t\t\t<div class=\"elementor-element elementor-element-90ac2e1 elementor-icon-list--layout-inline elementor-align-center elementor-list-item-link-full_width de_scroll_animation_no elementor-invisible elementor-widget elementor-widget-icon-list\" data-id=\"90ac2e1\" data-element_type=\"widget\" data-e-type=\"widget\" data-settings=\"{&quot;_animation&quot;:&quot;fadeInUp&quot;,&quot;_animation_delay&quot;:200}\" data-widget_type=\"icon-list.default\">\n\t\t\t\t<div class=\"elementor-widget-container\">\n\t\t\t\t\t\t\t<ul class=\"elementor-icon-list-items elementor-inline-items\">\n\t\t\t\t\t\t\t<li class=\"elementor-icon-list-item elementor-inline-item\">\n\t\t\t\t\t\t\t\t\t\t\t<a href=\"https:\/\/rennovastudio.com\/ca\">\n\n\t\t\t\t\t\t\t\t\t\t\t<span class=\"elementor-icon-list-text\">Inici<\/span>\n\t\t\t\t\t\t\t\t\t\t\t<\/a>\n\t\t\t\t\t\t\t\t\t<\/li>\n\t\t\t\t\t\t\t\t<li class=\"elementor-icon-list-item elementor-inline-item\">\n\t\t\t\t\t\t\t\t\t\t\t<span class=\"elementor-icon-list-icon\">\n\t\t\t\t\t\t\t<i aria-hidden=\"true\" class=\"dticon dticon-arrow-redo-outline\"><\/i>\t\t\t\t\t\t<\/span>\n\t\t\t\t\t\t\t\t\t\t<span class=\"elementor-icon-list-text\"><\/span>\n\t\t\t\t\t\t\t\t\t<\/li>\n\t\t\t\t\t\t<\/ul>\n\t\t\t\t\t\t<\/div>\n\t\t\t\t<\/div>\n\t\t\t\t\t<\/div>\n\t\t<\/div>\n\t\t\t\t\t<\/div>\n\t\t<\/section>\n\t\t\t\t\t<\/div>\n\t\t<\/div>\n\t\t\t\t\t<\/div>\n\t\t<\/section>\n\t\t\t\t<section class=\"elementor-section elementor-top-section elementor-element elementor-element-3663b0b elementor-section-boxed elementor-section-height-default elementor-section-height-default\" data-id=\"3663b0b\" data-element_type=\"section\" data-e-type=\"section\">\n\t\t\t\t\t\t<div class=\"elementor-container elementor-column-gap-no\">\n\t\t\t\t\t<div class=\"elementor-column elementor-col-100 elementor-top-column elementor-element elementor-element-b55c779\" data-id=\"b55c779\" data-element_type=\"column\" data-e-type=\"column\">\n\t\t\t<div class=\"elementor-widget-wrap elementor-element-populated\">\n\t\t\t\t<div class=\"elementor-element elementor-element-88e3d2e e-flex e-con-boxed e-con e-parent\" data-id=\"88e3d2e\" data-element_type=\"container\" data-e-type=\"container\">\n\t\t\t\t\t<div class=\"e-con-inner\">\n\t\t<div class=\"elementor-element elementor-element-07d42e3 e-con-full e-flex e-con e-child\" data-id=\"07d42e3\" data-element_type=\"container\" data-e-type=\"container\" data-settings=\"{&quot;background_background&quot;:&quot;classic&quot;}\">\n\t\t\t\t<div class=\"elementor-element elementor-element-f65fd0f jkit-equal-height-disable de_scroll_animation_no elementor-widget elementor-widget-jkit_icon_box\" data-id=\"f65fd0f\" data-element_type=\"widget\" data-e-type=\"widget\" data-widget_type=\"jkit_icon_box.default\">\n\t\t\t\t<div class=\"elementor-widget-container\">\n\t\t\t\t\t<div  class=\"jeg-elementor-kit jkit-icon-box icon-position-left elementor-animation- jeg_module___69fc93a390d7e\" ><div class=\"jkit-icon-box-wrapper hover-from-left\"><div class=\"icon-box icon-box-header elementor-animation-\"><div class=\"icon style-color\"><i aria-hidden=\"true\" class=\"dticon dticon-business-outline\"><\/i><\/div><\/div><div class=\"icon-box icon-box-body\">\n                <h2 class=\"title\">Reformes, interiorisme i disseny<\/h2><p class=\"icon-box-description\">En Rennova Studio Real Estate nos dedicamos a crear ambientes que reflejan tus sue\u00f1os y estilo de vida, cuidando cada detalle para hacer realidad tus ideas...<\/p>\n            <\/div>\n            \n            <\/div><\/div>\t\t\t\t<\/div>\n\t\t\t\t<\/div>\n\t\t\t\t<div class=\"elementor-element elementor-element-31e13d8 elementor-align-justify de_scroll_animation_no elementor-invisible elementor-widget elementor-widget-button\" data-id=\"31e13d8\" data-element_type=\"widget\" data-e-type=\"widget\" data-settings=\"{&quot;_animation&quot;:&quot;fadeInUp&quot;,&quot;_animation_delay&quot;:400}\" data-widget_type=\"button.default\">\n\t\t\t\t<div class=\"elementor-widget-container\">\n\t\t\t\t\t\t\t\t\t<div class=\"elementor-button-wrapper\">\n\t\t\t\t\t<a class=\"elementor-button elementor-button-link elementor-size-sm\" href=\"https:\/\/rennovastudio.com\/otros-servicios\/reformas-interiorismo-y-diseno\/\">\n\t\t\t\t\t\t<span class=\"elementor-button-content-wrapper\">\n\t\t\t\t\t\t<span class=\"elementor-button-icon\">\n\t\t\t\t<i aria-hidden=\"true\" class=\"jki jki-arrow-up-right-line\"><\/i>\t\t\t<\/span>\n\t\t\t\t\t\t\t\t\t<span class=\"elementor-button-text\">Coneix m\u00e9s<\/span>\n\t\t\t\t\t<\/span>\n\t\t\t\t\t<\/a>\n\t\t\t\t<\/div>\n\t\t\t\t\t\t\t\t<\/div>\n\t\t\t\t<\/div>\n\t\t\t\t<\/div>\n\t\t<div class=\"elementor-element elementor-element-6c62915 e-con-full e-flex e-con e-child\" data-id=\"6c62915\" data-element_type=\"container\" data-e-type=\"container\" data-settings=\"{&quot;background_background&quot;:&quot;classic&quot;}\">\n\t\t\t\t<div class=\"elementor-element elementor-element-dbbfb70 jkit-equal-height-disable de_scroll_animation_no elementor-widget elementor-widget-jkit_icon_box\" data-id=\"dbbfb70\" data-element_type=\"widget\" data-e-type=\"widget\" data-widget_type=\"jkit_icon_box.default\">\n\t\t\t\t<div class=\"elementor-widget-container\">\n\t\t\t\t\t<div  class=\"jeg-elementor-kit jkit-icon-box icon-position-left elementor-animation- jeg_module__1_69fc93a391995\" ><div class=\"jkit-icon-box-wrapper hover-from-left\"><div class=\"icon-box icon-box-header elementor-animation-\"><div class=\"icon style-color\"><i aria-hidden=\"true\" class=\"jki jki-user-check-line\"><\/i><\/div><\/div><div class=\"icon-box icon-box-body\">\n                <h2 class=\"title\">Personal Shopper Immobiliari<\/h2><p class=\"icon-box-description\">En Rennova Studio Real Estate entendemos que la b\u00fasqueda de la vivienda perfecta puede ser una experiencia abrumadora. Es por eso que ofrecemos un servicio exclusivo...<\/p>\n            <\/div>\n            \n            <\/div><\/div>\t\t\t\t<\/div>\n\t\t\t\t<\/div>\n\t\t\t\t<div class=\"elementor-element elementor-element-0f5a417 elementor-align-justify de_scroll_animation_no elementor-invisible elementor-widget elementor-widget-button\" data-id=\"0f5a417\" data-element_type=\"widget\" data-e-type=\"widget\" data-settings=\"{&quot;_animation&quot;:&quot;fadeInUp&quot;,&quot;_animation_delay&quot;:400}\" data-widget_type=\"button.default\">\n\t\t\t\t<div class=\"elementor-widget-container\">\n\t\t\t\t\t\t\t\t\t<div class=\"elementor-button-wrapper\">\n\t\t\t\t\t<a class=\"elementor-button elementor-button-link elementor-size-sm\" href=\"https:\/\/rennovastudio.com\/otros-servicios\/personal-shopper-inmobiliario\/\">\n\t\t\t\t\t\t<span class=\"elementor-button-content-wrapper\">\n\t\t\t\t\t\t<span class=\"elementor-button-icon\">\n\t\t\t\t<i aria-hidden=\"true\" class=\"jki jki-arrow-up-right-line\"><\/i>\t\t\t<\/span>\n\t\t\t\t\t\t\t\t\t<span class=\"elementor-button-text\">Coneix m\u00e9s<\/span>\n\t\t\t\t\t<\/span>\n\t\t\t\t\t<\/a>\n\t\t\t\t<\/div>\n\t\t\t\t\t\t\t\t<\/div>\n\t\t\t\t<\/div>\n\t\t\t\t<\/div>\n\t\t\t\t\t<\/div>\n\t\t\t\t<\/div>\n\t\t\t\t\t<\/div>\n\t\t<\/div>\n\t\t\t\t\t<\/div>\n\t\t<\/section>\n\t\t\t\t<\/div>","protected":false},"excerpt":{"rendered":"<p>Inicio Reformas, interiorismo y dise\u00f1o En Rennova Studio Real Estate nos dedicamos a crear ambientes que reflejan tus sue\u00f1os y estilo de vida, cuidando cada detalle para hacer realidad tus ideas&#8230; Conoce m\u00e1s Personal Shopper Immobiliario En Rennova Studio Real Estate entendemos que la b\u00fasqueda de la vivienda perfecta puede ser una experiencia abrumadora. Es [&hellip;]<\/p>","protected":false},"author":12,"featured_media":0,"parent":0,"menu_order":0,"comment_status":"closed","ping_status":"closed","template":"elementor_header_footer","meta":{"footnotes":""},"class_list":["post-150","page","type-page","status-publish","hentry"],"yoast_head":"<!-- This site is optimized with the Yoast SEO plugin v27.4 - https:\/\/yoast.com\/product\/yoast-seo-wordpress\/ -->\n<title>Otros servicios - Rennova Studio<\/title>\n<meta name=\"robots\" content=\"index, follow, max-snippet:-1, max-image-preview:large, max-video-preview:-1\" \/>\n<link rel=\"canonical\" href=\"https:\/\/rennovastudio.com\/ca\/otros-servicios\/\" \/>\n<meta property=\"og:locale\" content=\"ca_ES\" \/>\n<meta property=\"og:type\" content=\"article\" \/>\n<meta property=\"og:title\" content=\"Otros servicios - Rennova Studio\" \/>\n<meta property=\"og:description\" content=\"Inicio Reformas, interiorismo y dise\u00f1o En Rennova Studio Real Estate nos dedicamos a crear ambientes que reflejan tus sue\u00f1os y estilo de vida, cuidando cada detalle para hacer realidad tus ideas&#8230; Conoce m\u00e1s Personal Shopper Immobiliario En Rennova Studio Real Estate entendemos que la b\u00fasqueda de la vivienda perfecta puede ser una experiencia abrumadora. Es [&hellip;]\" \/>\n<meta property=\"og:url\" content=\"https:\/\/rennovastudio.com\/ca\/otros-servicios\/\" \/>\n<meta property=\"og:site_name\" content=\"Rennova Studio\" \/>\n<meta property=\"article:modified_time\" content=\"2025-01-12T10:27:26+00:00\" \/>\n<meta name=\"twitter:card\" content=\"summary_large_image\" \/>\n<script type=\"application\/ld+json\" class=\"yoast-schema-graph\">{\"@context\":\"https:\\\/\\\/schema.org\",\"@graph\":[{\"@type\":\"WebPage\",\"@id\":\"https:\\\/\\\/rennovastudio.com\\\/otros-servicios\\\/\",\"url\":\"https:\\\/\\\/rennovastudio.com\\\/otros-servicios\\\/\",\"name\":\"Otros servicios - Rennova Studio\",\"isPartOf\":{\"@id\":\"https:\\\/\\\/rennovastudio.com\\\/es\\\/#website\"},\"datePublished\":\"2025-01-12T05:55:39+00:00\",\"dateModified\":\"2025-01-12T10:27:26+00:00\",\"breadcrumb\":{\"@id\":\"https:\\\/\\\/rennovastudio.com\\\/otros-servicios\\\/#breadcrumb\"},\"inLanguage\":\"ca\",\"potentialAction\":[{\"@type\":\"ReadAction\",\"target\":[\"https:\\\/\\\/rennovastudio.com\\\/otros-servicios\\\/\"]}]},{\"@type\":\"BreadcrumbList\",\"@id\":\"https:\\\/\\\/rennovastudio.com\\\/otros-servicios\\\/#breadcrumb\",\"itemListElement\":[{\"@type\":\"ListItem\",\"position\":1,\"name\":\"Portada\",\"item\":\"https:\\\/\\\/rennovastudio.com\\\/es\\\/\"},{\"@type\":\"ListItem\",\"position\":2,\"name\":\"Otros servicios\"}]},{\"@type\":\"WebSite\",\"@id\":\"https:\\\/\\\/rennovastudio.com\\\/es\\\/#website\",\"url\":\"https:\\\/\\\/rennovastudio.com\\\/es\\\/\",\"name\":\"Rennova Studio\",\"description\":\"Barcelona, S.L.\",\"potentialAction\":[{\"@type\":\"SearchAction\",\"target\":{\"@type\":\"EntryPoint\",\"urlTemplate\":\"https:\\\/\\\/rennovastudio.com\\\/es\\\/?s={search_term_string}\"},\"query-input\":{\"@type\":\"PropertyValueSpecification\",\"valueRequired\":true,\"valueName\":\"search_term_string\"}}],\"inLanguage\":\"ca\"}]}<\/script>\n<!-- \/ Yoast SEO plugin. -->","yoast_head_json":{"title":"Otros servicios - Rennova Studio","robots":{"index":"index","follow":"follow","max-snippet":"max-snippet:-1","max-image-preview":"max-image-preview:large","max-video-preview":"max-video-preview:-1"},"canonical":"https:\/\/rennovastudio.com\/ca\/otros-servicios\/","og_locale":"ca_ES","og_type":"article","og_title":"Otros servicios - Rennova Studio","og_description":"Inicio Reformas, interiorismo y dise\u00f1o En Rennova Studio Real Estate nos dedicamos a crear ambientes que reflejan tus sue\u00f1os y estilo de vida, cuidando cada detalle para hacer realidad tus ideas&#8230; Conoce m\u00e1s Personal Shopper Immobiliario En Rennova Studio Real Estate entendemos que la b\u00fasqueda de la vivienda perfecta puede ser una experiencia abrumadora. Es [&hellip;]","og_url":"https:\/\/rennovastudio.com\/ca\/otros-servicios\/","og_site_name":"Rennova Studio","article_modified_time":"2025-01-12T10:27:26+00:00","twitter_card":"summary_large_image","schema":{"@context":"https:\/\/schema.org","@graph":[{"@type":"WebPage","@id":"https:\/\/rennovastudio.com\/otros-servicios\/","url":"https:\/\/rennovastudio.com\/otros-servicios\/","name":"Otros servicios - Rennova Studio","isPartOf":{"@id":"https:\/\/rennovastudio.com\/es\/#website"},"datePublished":"2025-01-12T05:55:39+00:00","dateModified":"2025-01-12T10:27:26+00:00","breadcrumb":{"@id":"https:\/\/rennovastudio.com\/otros-servicios\/#breadcrumb"},"inLanguage":"ca","potentialAction":[{"@type":"ReadAction","target":["https:\/\/rennovastudio.com\/otros-servicios\/"]}]},{"@type":"BreadcrumbList","@id":"https:\/\/rennovastudio.com\/otros-servicios\/#breadcrumb","itemListElement":[{"@type":"ListItem","position":1,"name":"Portada","item":"https:\/\/rennovastudio.com\/es\/"},{"@type":"ListItem","position":2,"name":"Otros servicios"}]},{"@type":"WebSite","@id":"https:\/\/rennovastudio.com\/es\/#website","url":"https:\/\/rennovastudio.com\/es\/","name":"Rennova Studio","description":"Barcelona, S.L.","potentialAction":[{"@type":"SearchAction","target":{"@type":"EntryPoint","urlTemplate":"https:\/\/rennovastudio.com\/es\/?s={search_term_string}"},"query-input":{"@type":"PropertyValueSpecification","valueRequired":true,"valueName":"search_term_string"}}],"inLanguage":"ca"}]}},"_links":{"self":[{"href":"https:\/\/rennovastudio.com\/ca\/wp-json\/wp\/v2\/pages\/150","targetHints":{"allow":["GET"]}}],"collection":[{"href":"https:\/\/rennovastudio.com\/ca\/wp-json\/wp\/v2\/pages"}],"about":[{"href":"https:\/\/rennovastudio.com\/ca\/wp-json\/wp\/v2\/types\/page"}],"author":[{"embeddable":true,"href":"https:\/\/rennovastudio.com\/ca\/wp-json\/wp\/v2\/users\/12"}],"replies":[{"embeddable":true,"href":"https:\/\/rennovastudio.com\/ca\/wp-json\/wp\/v2\/comments?post=150"}],"version-history":[{"count":0,"href":"https:\/\/rennovastudio.com\/ca\/wp-json\/wp\/v2\/pages\/150\/revisions"}],"wp:attachment":[{"href":"https:\/\/rennovastudio.com\/ca\/wp-json\/wp\/v2\/media?parent=150"}],"curies":[{"name":"wp","href":"https:\/\/api.w.org\/{rel}","templated":true}]}}