{"id":820,"date":"2025-01-12T11:04:03","date_gmt":"2025-01-12T10:04:03","guid":{"rendered":"https:\/\/rennovastudio.com\/?page_id=820"},"modified":"2025-03-25T06:36:35","modified_gmt":"2025-03-25T05:36:35","slug":"reformas-interiorismo-y-diseno","status":"publish","type":"page","link":"https:\/\/rennovastudio.com\/ca\/otros-servicios\/reformas-interiorismo-y-diseno\/","title":{"rendered":"Reformes, interiorisme i disseny"},"content":{"rendered":"<div data-elementor-type=\"wp-page\" data-elementor-id=\"820\" class=\"elementor elementor-820\" data-elementor-post-type=\"page\">\n\t\t\t\t\t\t<section class=\"elementor-section elementor-top-section elementor-element elementor-element-56b9f4e elementor-section-boxed elementor-section-height-default elementor-section-height-default\" data-id=\"56b9f4e\" data-element_type=\"section\" data-e-type=\"section\">\n\t\t\t\t\t\t<div class=\"elementor-container elementor-column-gap-no\">\n\t\t\t\t\t<div class=\"elementor-column elementor-col-100 elementor-top-column elementor-element elementor-element-7f45a9f\" data-id=\"7f45a9f\" data-element_type=\"column\" data-e-type=\"column\">\n\t\t\t<div class=\"elementor-widget-wrap elementor-element-populated\">\n\t\t\t\t\t\t<section class=\"elementor-section elementor-inner-section elementor-element elementor-element-49ecfcc elementor-reverse-tablet elementor-reverse-mobile elementor-section-boxed elementor-section-height-default elementor-section-height-default\" data-id=\"49ecfcc\" data-element_type=\"section\" data-e-type=\"section\">\n\t\t\t\t\t\t<div class=\"elementor-container elementor-column-gap-no\">\n\t\t\t\t\t<div class=\"elementor-column elementor-col-100 elementor-inner-column elementor-element elementor-element-b253ae8\" data-id=\"b253ae8\" data-element_type=\"column\" data-e-type=\"column\">\n\t\t\t<div class=\"elementor-widget-wrap elementor-element-populated\">\n\t\t\t\t\t\t<div class=\"elementor-element elementor-element-5f89b9b de_scroll_animation_no elementor-widget elementor-widget-text-editor\" data-id=\"5f89b9b\" data-element_type=\"widget\" data-e-type=\"widget\" data-widget_type=\"text-editor.default\">\n\t\t\t\t<div class=\"elementor-widget-container\">\n\t\t\t\t\t\t\t\t\t<p><span style=\"font-weight: 400;\">A Rennova Studio Real Estate ens dediquem a crear ambients que reflecteixen els teus somnis i estil de vida, cuidant cada detall per fer realitat les teves idees. Oferim un servei de reforma, interiorisme i decoraci\u00f3 completament personalitzat, dissenyat perqu\u00e8 gaudiu d&#039;un proc\u00e9s fluid i sense preocupacions.<\/span><\/p><p><span style=\"font-weight: 400;\">El nostre equip de professionals altament qualificat estar\u00e0 al teu costat a cada pas, des de la concepci\u00f3 del projecte fins al lliurament final, assegurant que tot es faci amb els m\u00e9s alts est\u00e0ndards de qualitat. Ens encarreguem de la planificaci\u00f3, la selecci\u00f3 de materials, la coordinaci\u00f3 dels equips i cada detall de l&#039;execuci\u00f3, amb el comprom\u00eds d&#039;oferir resultats excepcionals i duradors.<\/span><\/p><p><span style=\"font-weight: 400;\">Deixa&#039;ns transformar el teu espai al lloc amb qu\u00e8 sempre has somiat. La teva satisfacci\u00f3 \u00e9s la nostra prioritat, i junts crearem l&#039;ambient ideal per a tu.<\/span><\/p>\t\t\t\t\t\t\t\t<\/div>\n\t\t\t\t<\/div>\n\t\t\t\t\t<\/div>\n\t\t<\/div>\n\t\t\t\t\t<\/div>\n\t\t<\/section>\n\t\t\t\t\t<\/div>\n\t\t<\/div>\n\t\t\t\t\t<\/div>\n\t\t<\/section>\n\t\t<div class=\"elementor-element elementor-element-c754e04 e-con-full e-flex e-con e-parent\" data-id=\"c754e04\" data-element_type=\"container\" data-e-type=\"container\">\n\t\t\t\t<div class=\"elementor-element elementor-element-4eb7aaa de_scroll_animation_no elementor-widget elementor-widget-gallery\" data-id=\"4eb7aaa\" data-element_type=\"widget\" data-e-type=\"widget\" data-settings=\"{&quot;lazyload&quot;:&quot;yes&quot;,&quot;gallery_layout&quot;:&quot;grid&quot;,&quot;columns&quot;:4,&quot;columns_tablet&quot;:2,&quot;columns_mobile&quot;:1,&quot;gap&quot;:{&quot;unit&quot;:&quot;px&quot;,&quot;size&quot;:10,&quot;sizes&quot;:[]},&quot;gap_tablet&quot;:{&quot;unit&quot;:&quot;px&quot;,&quot;size&quot;:10,&quot;sizes&quot;:[]},&quot;gap_mobile&quot;:{&quot;unit&quot;:&quot;px&quot;,&quot;size&quot;:10,&quot;sizes&quot;:[]},&quot;link_to&quot;:&quot;file&quot;,&quot;aspect_ratio&quot;:&quot;3:2&quot;,&quot;overlay_background&quot;:&quot;yes&quot;,&quot;content_hover_animation&quot;:&quot;fade-in&quot;}\" data-widget_type=\"gallery.default\">\n\t\t\t\t<div class=\"elementor-widget-container\">\n\t\t\t\t\t\t\t<div class=\"elementor-gallery__container\">\n\t\t\t\t\t\t\t<a class=\"e-gallery-item elementor-gallery-item elementor-animated-content\" href=\"https:\/\/rennovastudio.com\/wp-content\/uploads\/2025\/03\/1-2.jpg\" data-elementor-open-lightbox=\"yes\" data-elementor-lightbox-slideshow=\"4eb7aaa\" data-e-action-hash=\"#elementor-action%3Aaction%3Dlightbox%26settings%3DeyJpZCI6MTMyNCwidXJsIjoiaHR0cHM6XC9cL3Jlbm5vdmFzdHVkaW8uY29tXC93cC1jb250ZW50XC91cGxvYWRzXC8yMDI1XC8wM1wvMS0yLmpwZyIsInNsaWRlc2hvdyI6IjRlYjdhYWEifQ%3D%3D\">\n\t\t\t\t\t<div class=\"e-gallery-image elementor-gallery-item__image\" data-thumbnail=\"https:\/\/rennovastudio.com\/wp-content\/uploads\/2025\/03\/1-2.jpg\" data-width=\"1350\" data-height=\"900\" aria-label=\"\" role=\"img\" ><\/div>\n\t\t\t\t\t\t\t\t\t\t\t<div class=\"elementor-gallery-item__overlay\"><\/div>\n\t\t\t\t\t\t\t\t\t\t\t\t\t\t<\/a>\n\t\t\t\t\t\t\t<a class=\"e-gallery-item elementor-gallery-item elementor-animated-content\" href=\"https:\/\/rennovastudio.com\/wp-content\/uploads\/2025\/03\/2-2.jpg\" data-elementor-open-lightbox=\"yes\" data-elementor-lightbox-slideshow=\"4eb7aaa\" data-e-action-hash=\"#elementor-action%3Aaction%3Dlightbox%26settings%3DeyJpZCI6MTMyMywidXJsIjoiaHR0cHM6XC9cL3Jlbm5vdmFzdHVkaW8uY29tXC93cC1jb250ZW50XC91cGxvYWRzXC8yMDI1XC8wM1wvMi0yLmpwZyIsInNsaWRlc2hvdyI6IjRlYjdhYWEifQ%3D%3D\">\n\t\t\t\t\t<div class=\"e-gallery-image elementor-gallery-item__image\" data-thumbnail=\"https:\/\/rennovastudio.com\/wp-content\/uploads\/2025\/03\/2-2.jpg\" data-width=\"900\" data-height=\"1350\" aria-label=\"\" role=\"img\" ><\/div>\n\t\t\t\t\t\t\t\t\t\t\t<div class=\"elementor-gallery-item__overlay\"><\/div>\n\t\t\t\t\t\t\t\t\t\t\t\t\t\t<\/a>\n\t\t\t\t\t\t\t<a class=\"e-gallery-item elementor-gallery-item elementor-animated-content\" href=\"https:\/\/rennovastudio.com\/wp-content\/uploads\/2025\/03\/3-2-scaled.jpg\" data-elementor-open-lightbox=\"yes\" data-elementor-lightbox-slideshow=\"4eb7aaa\" data-e-action-hash=\"#elementor-action%3Aaction%3Dlightbox%26settings%3DeyJpZCI6MTMzMSwidXJsIjoiaHR0cHM6XC9cL3Jlbm5vdmFzdHVkaW8uY29tXC93cC1jb250ZW50XC91cGxvYWRzXC8yMDI1XC8wM1wvMy0yLXNjYWxlZC5qcGciLCJzbGlkZXNob3ciOiI0ZWI3YWFhIn0%3D\">\n\t\t\t\t\t<div class=\"e-gallery-image elementor-gallery-item__image\" data-thumbnail=\"https:\/\/rennovastudio.com\/wp-content\/uploads\/2025\/03\/3-2-scaled.jpg\" data-width=\"2560\" data-height=\"1707\" aria-label=\"\" role=\"img\" ><\/div>\n\t\t\t\t\t\t\t\t\t\t\t<div class=\"elementor-gallery-item__overlay\"><\/div>\n\t\t\t\t\t\t\t\t\t\t\t\t\t\t<\/a>\n\t\t\t\t\t\t\t<a class=\"e-gallery-item elementor-gallery-item elementor-animated-content\" href=\"https:\/\/rennovastudio.com\/wp-content\/uploads\/2025\/03\/4-2-scaled.jpg\" data-elementor-open-lightbox=\"yes\" data-elementor-lightbox-slideshow=\"4eb7aaa\" data-e-action-hash=\"#elementor-action%3Aaction%3Dlightbox%26settings%3DeyJpZCI6MTMyNiwidXJsIjoiaHR0cHM6XC9cL3Jlbm5vdmFzdHVkaW8uY29tXC93cC1jb250ZW50XC91cGxvYWRzXC8yMDI1XC8wM1wvNC0yLXNjYWxlZC5qcGciLCJzbGlkZXNob3ciOiI0ZWI3YWFhIn0%3D\">\n\t\t\t\t\t<div class=\"e-gallery-image elementor-gallery-item__image\" data-thumbnail=\"https:\/\/rennovastudio.com\/wp-content\/uploads\/2025\/03\/4-2-scaled.jpg\" data-width=\"2560\" data-height=\"1707\" aria-label=\"\" role=\"img\" ><\/div>\n\t\t\t\t\t\t\t\t\t\t\t<div class=\"elementor-gallery-item__overlay\"><\/div>\n\t\t\t\t\t\t\t\t\t\t\t\t\t\t<\/a>\n\t\t\t\t\t\t\t<a class=\"e-gallery-item elementor-gallery-item elementor-animated-content\" href=\"https:\/\/rennovastudio.com\/wp-content\/uploads\/2025\/03\/5-1-scaled.jpg\" data-elementor-open-lightbox=\"yes\" data-elementor-lightbox-slideshow=\"4eb7aaa\" data-e-action-hash=\"#elementor-action%3Aaction%3Dlightbox%26settings%3DeyJpZCI6MTMyNywidXJsIjoiaHR0cHM6XC9cL3Jlbm5vdmFzdHVkaW8uY29tXC93cC1jb250ZW50XC91cGxvYWRzXC8yMDI1XC8wM1wvNS0xLXNjYWxlZC5qcGciLCJzbGlkZXNob3ciOiI0ZWI3YWFhIn0%3D\">\n\t\t\t\t\t<div class=\"e-gallery-image elementor-gallery-item__image\" data-thumbnail=\"https:\/\/rennovastudio.com\/wp-content\/uploads\/2025\/03\/5-1-scaled.jpg\" data-width=\"2560\" data-height=\"1707\" aria-label=\"\" role=\"img\" ><\/div>\n\t\t\t\t\t\t\t\t\t\t\t<div class=\"elementor-gallery-item__overlay\"><\/div>\n\t\t\t\t\t\t\t\t\t\t\t\t\t\t<\/a>\n\t\t\t\t\t\t\t<a class=\"e-gallery-item elementor-gallery-item elementor-animated-content\" href=\"https:\/\/rennovastudio.com\/wp-content\/uploads\/2025\/03\/6-1-scaled.jpg\" data-elementor-open-lightbox=\"yes\" data-elementor-lightbox-slideshow=\"4eb7aaa\" data-e-action-hash=\"#elementor-action%3Aaction%3Dlightbox%26settings%3DeyJpZCI6MTMxNSwidXJsIjoiaHR0cHM6XC9cL3Jlbm5vdmFzdHVkaW8uY29tXC93cC1jb250ZW50XC91cGxvYWRzXC8yMDI1XC8wM1wvNi0xLXNjYWxlZC5qcGciLCJzbGlkZXNob3ciOiI0ZWI3YWFhIn0%3D\">\n\t\t\t\t\t<div class=\"e-gallery-image elementor-gallery-item__image\" data-thumbnail=\"https:\/\/rennovastudio.com\/wp-content\/uploads\/2025\/03\/6-1-scaled.jpg\" data-width=\"2560\" data-height=\"1707\" aria-label=\"\" role=\"img\" ><\/div>\n\t\t\t\t\t\t\t\t\t\t\t<div class=\"elementor-gallery-item__overlay\"><\/div>\n\t\t\t\t\t\t\t\t\t\t\t\t\t\t<\/a>\n\t\t\t\t\t\t\t<a class=\"e-gallery-item elementor-gallery-item elementor-animated-content\" href=\"https:\/\/rennovastudio.com\/wp-content\/uploads\/2025\/03\/7-1-scaled.jpg\" data-elementor-open-lightbox=\"yes\" data-elementor-lightbox-slideshow=\"4eb7aaa\" data-e-action-hash=\"#elementor-action%3Aaction%3Dlightbox%26settings%3DeyJpZCI6MTMxNiwidXJsIjoiaHR0cHM6XC9cL3Jlbm5vdmFzdHVkaW8uY29tXC93cC1jb250ZW50XC91cGxvYWRzXC8yMDI1XC8wM1wvNy0xLXNjYWxlZC5qcGciLCJzbGlkZXNob3ciOiI0ZWI3YWFhIn0%3D\">\n\t\t\t\t\t<div class=\"e-gallery-image elementor-gallery-item__image\" data-thumbnail=\"https:\/\/rennovastudio.com\/wp-content\/uploads\/2025\/03\/7-1-scaled.jpg\" data-width=\"2560\" data-height=\"1707\" aria-label=\"\" role=\"img\" ><\/div>\n\t\t\t\t\t\t\t\t\t\t\t<div class=\"elementor-gallery-item__overlay\"><\/div>\n\t\t\t\t\t\t\t\t\t\t\t\t\t\t<\/a>\n\t\t\t\t\t\t\t<a class=\"e-gallery-item elementor-gallery-item elementor-animated-content\" href=\"https:\/\/rennovastudio.com\/wp-content\/uploads\/2025\/03\/8-1-scaled.jpg\" data-elementor-open-lightbox=\"yes\" data-elementor-lightbox-slideshow=\"4eb7aaa\" data-e-action-hash=\"#elementor-action%3Aaction%3Dlightbox%26settings%3DeyJpZCI6MTMyOCwidXJsIjoiaHR0cHM6XC9cL3Jlbm5vdmFzdHVkaW8uY29tXC93cC1jb250ZW50XC91cGxvYWRzXC8yMDI1XC8wM1wvOC0xLXNjYWxlZC5qcGciLCJzbGlkZXNob3ciOiI0ZWI3YWFhIn0%3D\">\n\t\t\t\t\t<div class=\"e-gallery-image elementor-gallery-item__image\" data-thumbnail=\"https:\/\/rennovastudio.com\/wp-content\/uploads\/2025\/03\/8-1-scaled.jpg\" data-width=\"1707\" data-height=\"2560\" aria-label=\"\" role=\"img\" ><\/div>\n\t\t\t\t\t\t\t\t\t\t\t<div class=\"elementor-gallery-item__overlay\"><\/div>\n\t\t\t\t\t\t\t\t\t\t\t\t\t\t<\/a>\n\t\t\t\t\t\t\t<a class=\"e-gallery-item elementor-gallery-item elementor-animated-content\" href=\"https:\/\/rennovastudio.com\/wp-content\/uploads\/2025\/03\/9-1-scaled.jpg\" data-elementor-open-lightbox=\"yes\" data-elementor-lightbox-slideshow=\"4eb7aaa\" data-e-action-hash=\"#elementor-action%3Aaction%3Dlightbox%26settings%3DeyJpZCI6MTMyOSwidXJsIjoiaHR0cHM6XC9cL3Jlbm5vdmFzdHVkaW8uY29tXC93cC1jb250ZW50XC91cGxvYWRzXC8yMDI1XC8wM1wvOS0xLXNjYWxlZC5qcGciLCJzbGlkZXNob3ciOiI0ZWI3YWFhIn0%3D\">\n\t\t\t\t\t<div class=\"e-gallery-image elementor-gallery-item__image\" data-thumbnail=\"https:\/\/rennovastudio.com\/wp-content\/uploads\/2025\/03\/9-1-scaled.jpg\" data-width=\"1707\" data-height=\"2560\" aria-label=\"\" role=\"img\" ><\/div>\n\t\t\t\t\t\t\t\t\t\t\t<div class=\"elementor-gallery-item__overlay\"><\/div>\n\t\t\t\t\t\t\t\t\t\t\t\t\t\t<\/a>\n\t\t\t\t\t\t\t<a class=\"e-gallery-item elementor-gallery-item elementor-animated-content\" href=\"https:\/\/rennovastudio.com\/wp-content\/uploads\/2025\/03\/10-1-scaled.jpg\" data-elementor-open-lightbox=\"yes\" data-elementor-lightbox-slideshow=\"4eb7aaa\" data-e-action-hash=\"#elementor-action%3Aaction%3Dlightbox%26settings%3DeyJpZCI6MTMyMCwidXJsIjoiaHR0cHM6XC9cL3Jlbm5vdmFzdHVkaW8uY29tXC93cC1jb250ZW50XC91cGxvYWRzXC8yMDI1XC8wM1wvMTAtMS1zY2FsZWQuanBnIiwic2xpZGVzaG93IjoiNGViN2FhYSJ9\">\n\t\t\t\t\t<div class=\"e-gallery-image elementor-gallery-item__image\" data-thumbnail=\"https:\/\/rennovastudio.com\/wp-content\/uploads\/2025\/03\/10-1-scaled.jpg\" data-width=\"2560\" data-height=\"1707\" aria-label=\"\" role=\"img\" ><\/div>\n\t\t\t\t\t\t\t\t\t\t\t<div class=\"elementor-gallery-item__overlay\"><\/div>\n\t\t\t\t\t\t\t\t\t\t\t\t\t\t<\/a>\n\t\t\t\t\t\t\t<a class=\"e-gallery-item elementor-gallery-item elementor-animated-content\" href=\"https:\/\/rennovastudio.com\/wp-content\/uploads\/2025\/03\/11-scaled.jpg\" data-elementor-open-lightbox=\"yes\" data-elementor-lightbox-slideshow=\"4eb7aaa\" data-e-action-hash=\"#elementor-action%3Aaction%3Dlightbox%26settings%3DeyJpZCI6MTMzMCwidXJsIjoiaHR0cHM6XC9cL3Jlbm5vdmFzdHVkaW8uY29tXC93cC1jb250ZW50XC91cGxvYWRzXC8yMDI1XC8wM1wvMTEtc2NhbGVkLmpwZyIsInNsaWRlc2hvdyI6IjRlYjdhYWEifQ%3D%3D\">\n\t\t\t\t\t<div class=\"e-gallery-image elementor-gallery-item__image\" data-thumbnail=\"https:\/\/rennovastudio.com\/wp-content\/uploads\/2025\/03\/11-scaled.jpg\" data-width=\"2560\" data-height=\"1707\" aria-label=\"\" role=\"img\" ><\/div>\n\t\t\t\t\t\t\t\t\t\t\t<div class=\"elementor-gallery-item__overlay\"><\/div>\n\t\t\t\t\t\t\t\t\t\t\t\t\t\t<\/a>\n\t\t\t\t\t\t\t<a class=\"e-gallery-item elementor-gallery-item elementor-animated-content\" href=\"https:\/\/rennovastudio.com\/wp-content\/uploads\/2025\/03\/12-scaled.jpg\" data-elementor-open-lightbox=\"yes\" data-elementor-lightbox-slideshow=\"4eb7aaa\" data-e-action-hash=\"#elementor-action%3Aaction%3Dlightbox%26settings%3DeyJpZCI6MTMxNywidXJsIjoiaHR0cHM6XC9cL3Jlbm5vdmFzdHVkaW8uY29tXC93cC1jb250ZW50XC91cGxvYWRzXC8yMDI1XC8wM1wvMTItc2NhbGVkLmpwZyIsInNsaWRlc2hvdyI6IjRlYjdhYWEifQ%3D%3D\">\n\t\t\t\t\t<div class=\"e-gallery-image elementor-gallery-item__image\" data-thumbnail=\"https:\/\/rennovastudio.com\/wp-content\/uploads\/2025\/03\/12-scaled.jpg\" data-width=\"1707\" data-height=\"2560\" aria-label=\"\" role=\"img\" ><\/div>\n\t\t\t\t\t\t\t\t\t\t\t<div class=\"elementor-gallery-item__overlay\"><\/div>\n\t\t\t\t\t\t\t\t\t\t\t\t\t\t<\/a>\n\t\t\t\t\t\t\t<a class=\"e-gallery-item elementor-gallery-item elementor-animated-content\" href=\"https:\/\/rennovastudio.com\/wp-content\/uploads\/2025\/03\/13-scaled.jpg\" data-elementor-open-lightbox=\"yes\" data-elementor-lightbox-slideshow=\"4eb7aaa\" data-e-action-hash=\"#elementor-action%3Aaction%3Dlightbox%26settings%3DeyJpZCI6MTMyMSwidXJsIjoiaHR0cHM6XC9cL3Jlbm5vdmFzdHVkaW8uY29tXC93cC1jb250ZW50XC91cGxvYWRzXC8yMDI1XC8wM1wvMTMtc2NhbGVkLmpwZyIsInNsaWRlc2hvdyI6IjRlYjdhYWEifQ%3D%3D\">\n\t\t\t\t\t<div class=\"e-gallery-image elementor-gallery-item__image\" data-thumbnail=\"https:\/\/rennovastudio.com\/wp-content\/uploads\/2025\/03\/13-scaled.jpg\" data-width=\"2560\" data-height=\"1707\" aria-label=\"\" role=\"img\" ><\/div>\n\t\t\t\t\t\t\t\t\t\t\t<div class=\"elementor-gallery-item__overlay\"><\/div>\n\t\t\t\t\t\t\t\t\t\t\t\t\t\t<\/a>\n\t\t\t\t\t\t\t<a class=\"e-gallery-item elementor-gallery-item elementor-animated-content\" href=\"https:\/\/rennovastudio.com\/wp-content\/uploads\/2025\/03\/14.jpg\" data-elementor-open-lightbox=\"yes\" data-elementor-lightbox-slideshow=\"4eb7aaa\" data-e-action-hash=\"#elementor-action%3Aaction%3Dlightbox%26settings%3DeyJpZCI6MTMyNSwidXJsIjoiaHR0cHM6XC9cL3Jlbm5vdmFzdHVkaW8uY29tXC93cC1jb250ZW50XC91cGxvYWRzXC8yMDI1XC8wM1wvMTQuanBnIiwic2xpZGVzaG93IjoiNGViN2FhYSJ9\">\n\t\t\t\t\t<div class=\"e-gallery-image elementor-gallery-item__image\" data-thumbnail=\"https:\/\/rennovastudio.com\/wp-content\/uploads\/2025\/03\/14.jpg\" data-width=\"900\" data-height=\"1350\" aria-label=\"\" role=\"img\" ><\/div>\n\t\t\t\t\t\t\t\t\t\t\t<div class=\"elementor-gallery-item__overlay\"><\/div>\n\t\t\t\t\t\t\t\t\t\t\t\t\t\t<\/a>\n\t\t\t\t\t\t\t<a class=\"e-gallery-item elementor-gallery-item elementor-animated-content\" href=\"https:\/\/rennovastudio.com\/wp-content\/uploads\/2025\/03\/15-scaled.jpg\" data-elementor-open-lightbox=\"yes\" data-elementor-lightbox-slideshow=\"4eb7aaa\" data-e-action-hash=\"#elementor-action%3Aaction%3Dlightbox%26settings%3DeyJpZCI6MTMxOCwidXJsIjoiaHR0cHM6XC9cL3Jlbm5vdmFzdHVkaW8uY29tXC93cC1jb250ZW50XC91cGxvYWRzXC8yMDI1XC8wM1wvMTUtc2NhbGVkLmpwZyIsInNsaWRlc2hvdyI6IjRlYjdhYWEifQ%3D%3D\">\n\t\t\t\t\t<div class=\"e-gallery-image elementor-gallery-item__image\" data-thumbnail=\"https:\/\/rennovastudio.com\/wp-content\/uploads\/2025\/03\/15-scaled.jpg\" data-width=\"2560\" data-height=\"1707\" aria-label=\"\" role=\"img\" ><\/div>\n\t\t\t\t\t\t\t\t\t\t\t<div class=\"elementor-gallery-item__overlay\"><\/div>\n\t\t\t\t\t\t\t\t\t\t\t\t\t\t<\/a>\n\t\t\t\t\t\t\t<a class=\"e-gallery-item elementor-gallery-item elementor-animated-content\" href=\"https:\/\/rennovastudio.com\/wp-content\/uploads\/2025\/03\/16-scaled.jpg\" data-elementor-open-lightbox=\"yes\" data-elementor-lightbox-slideshow=\"4eb7aaa\" data-e-action-hash=\"#elementor-action%3Aaction%3Dlightbox%26settings%3DeyJpZCI6MTMyMiwidXJsIjoiaHR0cHM6XC9cL3Jlbm5vdmFzdHVkaW8uY29tXC93cC1jb250ZW50XC91cGxvYWRzXC8yMDI1XC8wM1wvMTYtc2NhbGVkLmpwZyIsInNsaWRlc2hvdyI6IjRlYjdhYWEifQ%3D%3D\">\n\t\t\t\t\t<div class=\"e-gallery-image elementor-gallery-item__image\" data-thumbnail=\"https:\/\/rennovastudio.com\/wp-content\/uploads\/2025\/03\/16-scaled.jpg\" data-width=\"2560\" data-height=\"1707\" aria-label=\"\" role=\"img\" ><\/div>\n\t\t\t\t\t\t\t\t\t\t\t<div class=\"elementor-gallery-item__overlay\"><\/div>\n\t\t\t\t\t\t\t\t\t\t\t\t\t\t<\/a>\n\t\t\t\t\t<\/div>\n\t\t\t\t\t<\/div>\n\t\t\t\t<\/div>\n\t\t\t\t<\/div>\n\t\t\t\t<\/div>","protected":false},"excerpt":{"rendered":"<p>En Rennova Studio Real Estate nos dedicamos a crear ambientes que reflejan tus sue\u00f1os y estilo de vida, cuidando cada detalle para hacer realidad tus ideas. Ofrecemos un servicio de reforma, interiorismo y decoraci\u00f3n completamente personalizado, dise\u00f1ado para que disfrutes de un proceso fluido y sin preocupaciones. Nuestro equipo de profesionales altamente cualificado estar\u00e1 a [&hellip;]<\/p>","protected":false},"author":12,"featured_media":0,"parent":150,"menu_order":0,"comment_status":"closed","ping_status":"closed","template":"elementor_header_footer","meta":{"footnotes":""},"class_list":["post-820","page","type-page","status-publish","hentry"],"yoast_head":"<!-- This site is optimized with the Yoast SEO plugin v27.4 - https:\/\/yoast.com\/product\/yoast-seo-wordpress\/ -->\n<title>Reformas, interiorismo y dise\u00f1o - Rennova Studio<\/title>\n<meta name=\"robots\" content=\"index, follow, max-snippet:-1, max-image-preview:large, max-video-preview:-1\" \/>\n<link rel=\"canonical\" href=\"https:\/\/rennovastudio.com\/ca\/otros-servicios\/reformas-interiorismo-y-diseno\/\" \/>\n<meta property=\"og:locale\" content=\"ca_ES\" \/>\n<meta property=\"og:type\" content=\"article\" \/>\n<meta property=\"og:title\" content=\"Reformas, interiorismo y dise\u00f1o - Rennova Studio\" \/>\n<meta property=\"og:description\" content=\"En Rennova Studio Real Estate nos dedicamos a crear ambientes que reflejan tus sue\u00f1os y estilo de vida, cuidando cada detalle para hacer realidad tus ideas. Ofrecemos un servicio de reforma, interiorismo y decoraci\u00f3n completamente personalizado, dise\u00f1ado para que disfrutes de un proceso fluido y sin preocupaciones. Nuestro equipo de profesionales altamente cualificado estar\u00e1 a [&hellip;]\" \/>\n<meta property=\"og:url\" content=\"https:\/\/rennovastudio.com\/ca\/otros-servicios\/reformas-interiorismo-y-diseno\/\" \/>\n<meta property=\"og:site_name\" content=\"Rennova Studio\" \/>\n<meta property=\"article:modified_time\" content=\"2025-03-25T05:36:35+00:00\" \/>\n<meta name=\"twitter:card\" content=\"summary_large_image\" \/>\n<script type=\"application\/ld+json\" class=\"yoast-schema-graph\">{\"@context\":\"https:\\\/\\\/schema.org\",\"@graph\":[{\"@type\":\"WebPage\",\"@id\":\"https:\\\/\\\/rennovastudio.com\\\/otros-servicios\\\/reformas-interiorismo-y-diseno\\\/\",\"url\":\"https:\\\/\\\/rennovastudio.com\\\/otros-servicios\\\/reformas-interiorismo-y-diseno\\\/\",\"name\":\"Reformas, interiorismo y dise\u00f1o - Rennova Studio\",\"isPartOf\":{\"@id\":\"https:\\\/\\\/rennovastudio.com\\\/es\\\/#website\"},\"datePublished\":\"2025-01-12T10:04:03+00:00\",\"dateModified\":\"2025-03-25T05:36:35+00:00\",\"breadcrumb\":{\"@id\":\"https:\\\/\\\/rennovastudio.com\\\/otros-servicios\\\/reformas-interiorismo-y-diseno\\\/#breadcrumb\"},\"inLanguage\":\"ca\",\"potentialAction\":[{\"@type\":\"ReadAction\",\"target\":[\"https:\\\/\\\/rennovastudio.com\\\/otros-servicios\\\/reformas-interiorismo-y-diseno\\\/\"]}]},{\"@type\":\"BreadcrumbList\",\"@id\":\"https:\\\/\\\/rennovastudio.com\\\/otros-servicios\\\/reformas-interiorismo-y-diseno\\\/#breadcrumb\",\"itemListElement\":[{\"@type\":\"ListItem\",\"position\":1,\"name\":\"Portada\",\"item\":\"https:\\\/\\\/rennovastudio.com\\\/es\\\/\"},{\"@type\":\"ListItem\",\"position\":2,\"name\":\"Otros servicios\",\"item\":\"https:\\\/\\\/rennovastudio.com\\\/otros-servicios\\\/\"},{\"@type\":\"ListItem\",\"position\":3,\"name\":\"Reformas, interiorismo y dise\u00f1o\"}]},{\"@type\":\"WebSite\",\"@id\":\"https:\\\/\\\/rennovastudio.com\\\/es\\\/#website\",\"url\":\"https:\\\/\\\/rennovastudio.com\\\/es\\\/\",\"name\":\"Rennova Studio\",\"description\":\"Barcelona, S.L.\",\"potentialAction\":[{\"@type\":\"SearchAction\",\"target\":{\"@type\":\"EntryPoint\",\"urlTemplate\":\"https:\\\/\\\/rennovastudio.com\\\/es\\\/?s={search_term_string}\"},\"query-input\":{\"@type\":\"PropertyValueSpecification\",\"valueRequired\":true,\"valueName\":\"search_term_string\"}}],\"inLanguage\":\"ca\"}]}<\/script>\n<!-- \/ Yoast SEO plugin. -->","yoast_head_json":{"title":"Reformas, interiorismo y dise\u00f1o - Rennova Studio","robots":{"index":"index","follow":"follow","max-snippet":"max-snippet:-1","max-image-preview":"max-image-preview:large","max-video-preview":"max-video-preview:-1"},"canonical":"https:\/\/rennovastudio.com\/ca\/otros-servicios\/reformas-interiorismo-y-diseno\/","og_locale":"ca_ES","og_type":"article","og_title":"Reformas, interiorismo y dise\u00f1o - Rennova Studio","og_description":"En Rennova Studio Real Estate nos dedicamos a crear ambientes que reflejan tus sue\u00f1os y estilo de vida, cuidando cada detalle para hacer realidad tus ideas. Ofrecemos un servicio de reforma, interiorismo y decoraci\u00f3n completamente personalizado, dise\u00f1ado para que disfrutes de un proceso fluido y sin preocupaciones. Nuestro equipo de profesionales altamente cualificado estar\u00e1 a [&hellip;]","og_url":"https:\/\/rennovastudio.com\/ca\/otros-servicios\/reformas-interiorismo-y-diseno\/","og_site_name":"Rennova Studio","article_modified_time":"2025-03-25T05:36:35+00:00","twitter_card":"summary_large_image","schema":{"@context":"https:\/\/schema.org","@graph":[{"@type":"WebPage","@id":"https:\/\/rennovastudio.com\/otros-servicios\/reformas-interiorismo-y-diseno\/","url":"https:\/\/rennovastudio.com\/otros-servicios\/reformas-interiorismo-y-diseno\/","name":"Reformas, interiorismo y dise\u00f1o - Rennova Studio","isPartOf":{"@id":"https:\/\/rennovastudio.com\/es\/#website"},"datePublished":"2025-01-12T10:04:03+00:00","dateModified":"2025-03-25T05:36:35+00:00","breadcrumb":{"@id":"https:\/\/rennovastudio.com\/otros-servicios\/reformas-interiorismo-y-diseno\/#breadcrumb"},"inLanguage":"ca","potentialAction":[{"@type":"ReadAction","target":["https:\/\/rennovastudio.com\/otros-servicios\/reformas-interiorismo-y-diseno\/"]}]},{"@type":"BreadcrumbList","@id":"https:\/\/rennovastudio.com\/otros-servicios\/reformas-interiorismo-y-diseno\/#breadcrumb","itemListElement":[{"@type":"ListItem","position":1,"name":"Portada","item":"https:\/\/rennovastudio.com\/es\/"},{"@type":"ListItem","position":2,"name":"Otros servicios","item":"https:\/\/rennovastudio.com\/otros-servicios\/"},{"@type":"ListItem","position":3,"name":"Reformas, interiorismo y dise\u00f1o"}]},{"@type":"WebSite","@id":"https:\/\/rennovastudio.com\/es\/#website","url":"https:\/\/rennovastudio.com\/es\/","name":"Rennova Studio","description":"Barcelona, S.L.","potentialAction":[{"@type":"SearchAction","target":{"@type":"EntryPoint","urlTemplate":"https:\/\/rennovastudio.com\/es\/?s={search_term_string}"},"query-input":{"@type":"PropertyValueSpecification","valueRequired":true,"valueName":"search_term_string"}}],"inLanguage":"ca"}]}},"_links":{"self":[{"href":"https:\/\/rennovastudio.com\/ca\/wp-json\/wp\/v2\/pages\/820","targetHints":{"allow":["GET"]}}],"collection":[{"href":"https:\/\/rennovastudio.com\/ca\/wp-json\/wp\/v2\/pages"}],"about":[{"href":"https:\/\/rennovastudio.com\/ca\/wp-json\/wp\/v2\/types\/page"}],"author":[{"embeddable":true,"href":"https:\/\/rennovastudio.com\/ca\/wp-json\/wp\/v2\/users\/12"}],"replies":[{"embeddable":true,"href":"https:\/\/rennovastudio.com\/ca\/wp-json\/wp\/v2\/comments?post=820"}],"version-history":[{"count":0,"href":"https:\/\/rennovastudio.com\/ca\/wp-json\/wp\/v2\/pages\/820\/revisions"}],"up":[{"embeddable":true,"href":"https:\/\/rennovastudio.com\/ca\/wp-json\/wp\/v2\/pages\/150"}],"wp:attachment":[{"href":"https:\/\/rennovastudio.com\/ca\/wp-json\/wp\/v2\/media?parent=820"}],"curies":[{"name":"wp","href":"https:\/\/api.w.org\/{rel}","templated":true}]}}