{"id":147,"date":"2025-01-12T06:54:36","date_gmt":"2025-01-12T05:54:36","guid":{"rendered":"https:\/\/rennovastudio.com\/?page_id=147"},"modified":"2025-08-05T09:59:57","modified_gmt":"2025-08-05T07:59:57","slug":"sobre-nosotros","status":"publish","type":"page","link":"https:\/\/rennovastudio.com\/en\/sobre-nosotros\/","title":{"rendered":"About us"},"content":{"rendered":"<div data-elementor-type=\"wp-page\" data-elementor-id=\"147\" class=\"elementor elementor-147\" data-elementor-post-type=\"page\">\n\t\t\t\t<div class=\"elementor-element elementor-element-dde11d5 e-flex e-con-boxed e-con e-parent\" data-id=\"dde11d5\" data-element_type=\"container\" data-e-type=\"container\">\n\t\t\t\t\t<div class=\"e-con-inner\">\n\t\t<div class=\"elementor-element elementor-element-48a3d97 e-con-full e-flex e-con e-child\" data-id=\"48a3d97\" data-element_type=\"container\" data-e-type=\"container\">\n\t\t\t\t<div class=\"elementor-element elementor-element-393712b de_scroll_animation_no elementor-widget elementor-widget-image\" data-id=\"393712b\" data-element_type=\"widget\" data-e-type=\"widget\" data-widget_type=\"image.default\">\n\t\t\t\t<div class=\"elementor-widget-container\">\n\t\t\t\t\t\t\t\t\t\t\t\t\t\t\t<img fetchpriority=\"high\" decoding=\"async\" width=\"507\" height=\"521\" src=\"https:\/\/rennovastudio.com\/wp-content\/uploads\/2025\/03\/sobre-nosotros.jpg\" class=\"attachment-large size-large wp-image-1203\" alt=\"\" srcset=\"https:\/\/rennovastudio.com\/wp-content\/uploads\/2025\/03\/sobre-nosotros.jpg 507w, https:\/\/rennovastudio.com\/wp-content\/uploads\/2025\/03\/sobre-nosotros-292x300.jpg 292w\" sizes=\"(max-width: 507px) 100vw, 507px\" \/>\t\t\t\t\t\t\t\t\t\t\t\t\t\t\t<\/div>\n\t\t\t\t<\/div>\n\t\t\t\t<\/div>\n\t\t<div class=\"elementor-element elementor-element-09df573 e-con-full e-flex e-con e-child\" data-id=\"09df573\" data-element_type=\"container\" data-e-type=\"container\">\n\t\t\t\t<div class=\"elementor-element elementor-element-c38193c de_scroll_animation_no elementor-widget elementor-widget-text-editor\" data-id=\"c38193c\" data-element_type=\"widget\" data-e-type=\"widget\" data-widget_type=\"text-editor.default\">\n\t\t\t\t<div class=\"elementor-widget-container\">\n\t\t\t\t\t\t\t\t\t<p>Rennova Studio Real Estate es una consultor\u00eda inmobiliaria boutique que redefine la experiencia de la gesti\u00f3n e inversi\u00f3n inmobiliaria, ofreciendo un enfoque personalizado y exclusivo para cada cliente. Nos especializamos en aportar soluciones estrat\u00e9gicas y a medida, dise\u00f1adas para maximizar el valor de cada operaci\u00f3n, ya sea en adquisici\u00f3n, venta o inversi\u00f3n. Entendemos que cada cliente tiene necesidades \u00fanicas y, por ello, trabajamos en estrecha colaboraci\u00f3n para crear planes de acci\u00f3n a la medida de sus objetivos.<\/p><p>Detr\u00e1s de este proyecto estamos Gemma y Jordi, fundadores de Rennova Studio Real Estate, con una amplia trayectoria en el mundo de la inversi\u00f3n inmobiliaria y del Real Estate. Nuestra experiencia en el sector, unida a la visi\u00f3n complementaria de nuestros perfiles, nos permite ofrecer un servicio integral, riguroso y cercano.<\/p><p>Gemma, con formaci\u00f3n jur\u00eddica, aporta un enfoque legal y estructurado, clave para garantizar operaciones seguras, \u00e9ticas y transparentes. Jordi, con una trayectoria destacada en el \u00e1mbito del dise\u00f1o y la publicidad, suma una perspectiva creativa y estrat\u00e9gica que potencia la presentaci\u00f3n, comercializaci\u00f3n y posicionamiento de cada proyecto<\/p><p>Creemos firmemente en las relaciones a largo plazo y en el valor del trabajo bien hecho. Por eso, en cada paso priorizamos la confianza, la discreci\u00f3n y la excelencia. M\u00e1s que asesores, somos socios estrat\u00e9gicos que te acompa\u00f1an en cada paso del camino, asegurando que tus proyectos inmobiliarios alcancen su m\u00e1ximo potencial.<\/p>\t\t\t\t\t\t\t\t<\/div>\n\t\t\t\t<\/div>\n\t\t\t\t<\/div>\n\t\t\t\t\t<\/div>\n\t\t\t\t<\/div>\n\t\t\t\t<\/div>","protected":false},"excerpt":{"rendered":"<p>Rennova Studio Real Estate es una consultor\u00eda inmobiliaria boutique que redefine la experiencia de la gesti\u00f3n e inversi\u00f3n inmobiliaria, ofreciendo un enfoque personalizado y exclusivo para cada cliente. Nos especializamos en aportar soluciones estrat\u00e9gicas y a medida, dise\u00f1adas para maximizar el valor de cada operaci\u00f3n, ya sea en adquisici\u00f3n, venta o inversi\u00f3n. Entendemos que cada [&hellip;]<\/p>","protected":false},"author":12,"featured_media":0,"parent":0,"menu_order":0,"comment_status":"closed","ping_status":"closed","template":"elementor_header_footer","meta":{"footnotes":""},"class_list":["post-147","page","type-page","status-publish","hentry"],"yoast_head":"<!-- This site is optimized with the Yoast SEO plugin v27.4 - https:\/\/yoast.com\/product\/yoast-seo-wordpress\/ -->\n<title>Sobre nosotros - Rennova Studio<\/title>\n<meta name=\"robots\" content=\"index, follow, max-snippet:-1, max-image-preview:large, max-video-preview:-1\" \/>\n<link rel=\"canonical\" href=\"https:\/\/rennovastudio.com\/en\/sobre-nosotros\/\" \/>\n<meta property=\"og:locale\" content=\"en_GB\" \/>\n<meta property=\"og:type\" content=\"article\" \/>\n<meta property=\"og:title\" content=\"Sobre nosotros - Rennova Studio\" \/>\n<meta property=\"og:description\" content=\"Rennova Studio Real Estate es una consultor\u00eda inmobiliaria boutique que redefine la experiencia de la gesti\u00f3n e inversi\u00f3n inmobiliaria, ofreciendo un enfoque personalizado y exclusivo para cada cliente. Nos especializamos en aportar soluciones estrat\u00e9gicas y a medida, dise\u00f1adas para maximizar el valor de cada operaci\u00f3n, ya sea en adquisici\u00f3n, venta o inversi\u00f3n. Entendemos que cada [&hellip;]\" \/>\n<meta property=\"og:url\" content=\"https:\/\/rennovastudio.com\/en\/sobre-nosotros\/\" \/>\n<meta property=\"og:site_name\" content=\"Rennova Studio\" \/>\n<meta property=\"article:modified_time\" content=\"2025-08-05T07:59:57+00:00\" \/>\n<meta property=\"og:image\" content=\"https:\/\/rennovastudio.com\/wp-content\/uploads\/2025\/03\/sobre-nosotros.jpg\" \/>\n<meta name=\"twitter:card\" content=\"summary_large_image\" \/>\n<script type=\"application\/ld+json\" class=\"yoast-schema-graph\">{\"@context\":\"https:\\\/\\\/schema.org\",\"@graph\":[{\"@type\":\"WebPage\",\"@id\":\"https:\\\/\\\/rennovastudio.com\\\/sobre-nosotros\\\/\",\"url\":\"https:\\\/\\\/rennovastudio.com\\\/sobre-nosotros\\\/\",\"name\":\"Sobre nosotros - Rennova Studio\",\"isPartOf\":{\"@id\":\"https:\\\/\\\/rennovastudio.com\\\/es\\\/#website\"},\"primaryImageOfPage\":{\"@id\":\"https:\\\/\\\/rennovastudio.com\\\/sobre-nosotros\\\/#primaryimage\"},\"image\":{\"@id\":\"https:\\\/\\\/rennovastudio.com\\\/sobre-nosotros\\\/#primaryimage\"},\"thumbnailUrl\":\"https:\\\/\\\/rennovastudio.com\\\/wp-content\\\/uploads\\\/2025\\\/03\\\/sobre-nosotros.jpg\",\"datePublished\":\"2025-01-12T05:54:36+00:00\",\"dateModified\":\"2025-08-05T07:59:57+00:00\",\"breadcrumb\":{\"@id\":\"https:\\\/\\\/rennovastudio.com\\\/sobre-nosotros\\\/#breadcrumb\"},\"inLanguage\":\"en-GB\",\"potentialAction\":[{\"@type\":\"ReadAction\",\"target\":[\"https:\\\/\\\/rennovastudio.com\\\/sobre-nosotros\\\/\"]}]},{\"@type\":\"ImageObject\",\"inLanguage\":\"en-GB\",\"@id\":\"https:\\\/\\\/rennovastudio.com\\\/sobre-nosotros\\\/#primaryimage\",\"url\":\"https:\\\/\\\/rennovastudio.com\\\/wp-content\\\/uploads\\\/2025\\\/03\\\/sobre-nosotros.jpg\",\"contentUrl\":\"https:\\\/\\\/rennovastudio.com\\\/wp-content\\\/uploads\\\/2025\\\/03\\\/sobre-nosotros.jpg\"},{\"@type\":\"BreadcrumbList\",\"@id\":\"https:\\\/\\\/rennovastudio.com\\\/sobre-nosotros\\\/#breadcrumb\",\"itemListElement\":[{\"@type\":\"ListItem\",\"position\":1,\"name\":\"Portada\",\"item\":\"https:\\\/\\\/rennovastudio.com\\\/es\\\/\"},{\"@type\":\"ListItem\",\"position\":2,\"name\":\"Sobre nosotros\"}]},{\"@type\":\"WebSite\",\"@id\":\"https:\\\/\\\/rennovastudio.com\\\/es\\\/#website\",\"url\":\"https:\\\/\\\/rennovastudio.com\\\/es\\\/\",\"name\":\"Rennova Studio\",\"description\":\"Barcelona, S.L.\",\"potentialAction\":[{\"@type\":\"SearchAction\",\"target\":{\"@type\":\"EntryPoint\",\"urlTemplate\":\"https:\\\/\\\/rennovastudio.com\\\/es\\\/?s={search_term_string}\"},\"query-input\":{\"@type\":\"PropertyValueSpecification\",\"valueRequired\":true,\"valueName\":\"search_term_string\"}}],\"inLanguage\":\"en-GB\"}]}<\/script>\n<!-- \/ Yoast SEO plugin. -->","yoast_head_json":{"title":"Sobre nosotros - Rennova Studio","robots":{"index":"index","follow":"follow","max-snippet":"max-snippet:-1","max-image-preview":"max-image-preview:large","max-video-preview":"max-video-preview:-1"},"canonical":"https:\/\/rennovastudio.com\/en\/sobre-nosotros\/","og_locale":"en_GB","og_type":"article","og_title":"Sobre nosotros - Rennova Studio","og_description":"Rennova Studio Real Estate es una consultor\u00eda inmobiliaria boutique que redefine la experiencia de la gesti\u00f3n e inversi\u00f3n inmobiliaria, ofreciendo un enfoque personalizado y exclusivo para cada cliente. Nos especializamos en aportar soluciones estrat\u00e9gicas y a medida, dise\u00f1adas para maximizar el valor de cada operaci\u00f3n, ya sea en adquisici\u00f3n, venta o inversi\u00f3n. Entendemos que cada [&hellip;]","og_url":"https:\/\/rennovastudio.com\/en\/sobre-nosotros\/","og_site_name":"Rennova Studio","article_modified_time":"2025-08-05T07:59:57+00:00","og_image":[{"url":"https:\/\/rennovastudio.com\/wp-content\/uploads\/2025\/03\/sobre-nosotros.jpg","type":"","width":"","height":""}],"twitter_card":"summary_large_image","schema":{"@context":"https:\/\/schema.org","@graph":[{"@type":"WebPage","@id":"https:\/\/rennovastudio.com\/sobre-nosotros\/","url":"https:\/\/rennovastudio.com\/sobre-nosotros\/","name":"Sobre nosotros - Rennova Studio","isPartOf":{"@id":"https:\/\/rennovastudio.com\/es\/#website"},"primaryImageOfPage":{"@id":"https:\/\/rennovastudio.com\/sobre-nosotros\/#primaryimage"},"image":{"@id":"https:\/\/rennovastudio.com\/sobre-nosotros\/#primaryimage"},"thumbnailUrl":"https:\/\/rennovastudio.com\/wp-content\/uploads\/2025\/03\/sobre-nosotros.jpg","datePublished":"2025-01-12T05:54:36+00:00","dateModified":"2025-08-05T07:59:57+00:00","breadcrumb":{"@id":"https:\/\/rennovastudio.com\/sobre-nosotros\/#breadcrumb"},"inLanguage":"en-GB","potentialAction":[{"@type":"ReadAction","target":["https:\/\/rennovastudio.com\/sobre-nosotros\/"]}]},{"@type":"ImageObject","inLanguage":"en-GB","@id":"https:\/\/rennovastudio.com\/sobre-nosotros\/#primaryimage","url":"https:\/\/rennovastudio.com\/wp-content\/uploads\/2025\/03\/sobre-nosotros.jpg","contentUrl":"https:\/\/rennovastudio.com\/wp-content\/uploads\/2025\/03\/sobre-nosotros.jpg"},{"@type":"BreadcrumbList","@id":"https:\/\/rennovastudio.com\/sobre-nosotros\/#breadcrumb","itemListElement":[{"@type":"ListItem","position":1,"name":"Portada","item":"https:\/\/rennovastudio.com\/es\/"},{"@type":"ListItem","position":2,"name":"Sobre nosotros"}]},{"@type":"WebSite","@id":"https:\/\/rennovastudio.com\/es\/#website","url":"https:\/\/rennovastudio.com\/es\/","name":"Rennova Studio","description":"Barcelona, S.L.","potentialAction":[{"@type":"SearchAction","target":{"@type":"EntryPoint","urlTemplate":"https:\/\/rennovastudio.com\/es\/?s={search_term_string}"},"query-input":{"@type":"PropertyValueSpecification","valueRequired":true,"valueName":"search_term_string"}}],"inLanguage":"en-GB"}]}},"_links":{"self":[{"href":"https:\/\/rennovastudio.com\/en\/wp-json\/wp\/v2\/pages\/147","targetHints":{"allow":["GET"]}}],"collection":[{"href":"https:\/\/rennovastudio.com\/en\/wp-json\/wp\/v2\/pages"}],"about":[{"href":"https:\/\/rennovastudio.com\/en\/wp-json\/wp\/v2\/types\/page"}],"author":[{"embeddable":true,"href":"https:\/\/rennovastudio.com\/en\/wp-json\/wp\/v2\/users\/12"}],"replies":[{"embeddable":true,"href":"https:\/\/rennovastudio.com\/en\/wp-json\/wp\/v2\/comments?post=147"}],"version-history":[{"count":6,"href":"https:\/\/rennovastudio.com\/en\/wp-json\/wp\/v2\/pages\/147\/revisions"}],"predecessor-version":[{"id":2066,"href":"https:\/\/rennovastudio.com\/en\/wp-json\/wp\/v2\/pages\/147\/revisions\/2066"}],"wp:attachment":[{"href":"https:\/\/rennovastudio.com\/en\/wp-json\/wp\/v2\/media?parent=147"}],"curies":[{"name":"wp","href":"https:\/\/api.w.org\/{rel}","templated":true}]}}