{"id":148,"date":"2025-01-12T06:54:42","date_gmt":"2025-01-12T05:54:42","guid":{"rendered":"https:\/\/rennovastudio.com\/?page_id=148"},"modified":"2025-05-28T17:40:52","modified_gmt":"2025-05-28T15:40:52","slug":"vender","status":"publish","type":"page","link":"https:\/\/rennovastudio.com\/en\/vender\/","title":{"rendered":"Sell"},"content":{"rendered":"<div data-elementor-type=\"wp-page\" data-elementor-id=\"148\" class=\"elementor elementor-148\" data-elementor-post-type=\"page\">\n\t\t\t\t<div class=\"elementor-element elementor-element-138fa60 e-flex e-con-boxed e-con e-parent\" data-id=\"138fa60\" data-element_type=\"container\" data-e-type=\"container\">\n\t\t\t\t\t<div class=\"e-con-inner\">\n\t\t<div class=\"elementor-element elementor-element-5d9543a e-con-full e-flex e-con e-child\" data-id=\"5d9543a\" data-element_type=\"container\" data-e-type=\"container\">\n\t\t\t\t<div class=\"elementor-element elementor-element-ab6ff76 de_scroll_animation_no elementor-widget elementor-widget-image\" data-id=\"ab6ff76\" data-element_type=\"widget\" data-e-type=\"widget\" data-settings=\"{&quot;sticky&quot;:&quot;top&quot;,&quot;sticky_on&quot;:[&quot;tablet&quot;],&quot;sticky_parent&quot;:&quot;yes&quot;,&quot;sticky_offset&quot;:0,&quot;sticky_effects_offset&quot;:0,&quot;sticky_anchor_link_offset&quot;:0}\" data-widget_type=\"image.default\">\n\t\t\t\t<div class=\"elementor-widget-container\">\n\t\t\t\t\t\t\t\t\t\t\t\t\t\t\t<img fetchpriority=\"high\" decoding=\"async\" width=\"580\" height=\"515\" src=\"https:\/\/rennovastudio.com\/wp-content\/uploads\/2025\/05\/12.jpg\" class=\"attachment-large size-large wp-image-1673\" alt=\"\" srcset=\"https:\/\/rennovastudio.com\/wp-content\/uploads\/2025\/05\/12.jpg 580w, https:\/\/rennovastudio.com\/wp-content\/uploads\/2025\/05\/12-300x266.jpg 300w\" sizes=\"(max-width: 580px) 100vw, 580px\" \/>\t\t\t\t\t\t\t\t\t\t\t\t\t\t\t<\/div>\n\t\t\t\t<\/div>\n\t\t\t\t<\/div>\n\t\t<div class=\"elementor-element elementor-element-eaf2c94 e-con-full e-flex e-con e-child\" data-id=\"eaf2c94\" data-element_type=\"container\" data-e-type=\"container\">\n\t\t\t\t<div class=\"elementor-element elementor-element-a6ba7bf de_scroll_animation_no elementor-invisible elementor-widget elementor-widget-heading\" data-id=\"a6ba7bf\" data-element_type=\"widget\" data-e-type=\"widget\" data-settings=\"{&quot;_animation&quot;:&quot;fadeInUp&quot;}\" data-widget_type=\"heading.default\">\n\t\t\t\t<div class=\"elementor-widget-container\">\n\t\t\t\t\t<h2 class=\"elementor-heading-title elementor-size-default\">Closeness, transparency and honesty<\/h2>\t\t\t\t<\/div>\n\t\t\t\t<\/div>\n\t\t\t\t<div class=\"elementor-element elementor-element-7bcb742 de_scroll_animation_no elementor-widget elementor-widget-text-editor\" data-id=\"7bcb742\" data-element_type=\"widget\" data-e-type=\"widget\" data-widget_type=\"text-editor.default\">\n\t\t\t\t<div class=\"elementor-widget-container\">\n\t\t\t\t\t\t\t\t\t<p>At Rennova Studio Real Estate we understand that selling a property is much more than a simple procedure: it is a personal project, a process full of details that requires care, dedication and a strategy that enhances the value of each property. We focus on offering a personalised and tailor-made real estate service, adapted to the needs and expectations of each owner. Our team specialises in the areas of \u00a0<strong>Barcelona, Maresme and the Costa Brava.\u00a0<\/strong><\/p><p><span style=\"font-weight: 400;\">What sets us apart is our total transparency at every step of the process. We keep our clients informed and reassured throughout the entire sales process, with open communication and no surprises. We ensure that every decision is based on a clear and honest analysis of the market, tailored to your specific objectives.<\/span><\/p>\t\t\t\t\t\t\t\t<\/div>\n\t\t\t\t<\/div>\n\t\t\t\t<\/div>\n\t\t\t\t\t<\/div>\n\t\t\t\t<\/div>\n\t\t<div class=\"elementor-element elementor-element-54c8bd3 e-flex e-con-boxed e-con e-parent\" data-id=\"54c8bd3\" data-element_type=\"container\" data-e-type=\"container\">\n\t\t\t\t\t<div class=\"e-con-inner\">\n\t\t<div class=\"elementor-element elementor-element-de1a35f e-con-full e-flex e-con e-child\" data-id=\"de1a35f\" data-element_type=\"container\" data-e-type=\"container\">\n\t\t\t\t<div class=\"elementor-element elementor-element-4742f1b de_scroll_animation_no elementor-invisible elementor-widget elementor-widget-heading\" data-id=\"4742f1b\" data-element_type=\"widget\" data-e-type=\"widget\" data-settings=\"{&quot;_animation&quot;:&quot;fadeInUp&quot;}\" data-widget_type=\"heading.default\">\n\t\t\t\t<div class=\"elementor-widget-container\">\n\t\t\t\t\t<h2 class=\"elementor-heading-title elementor-size-default\">Maximising the value of your property<\/h2>\t\t\t\t<\/div>\n\t\t\t\t<\/div>\n\t\t\t\t<div class=\"elementor-element elementor-element-f1d6f0b de_scroll_animation_no elementor-widget elementor-widget-text-editor\" data-id=\"f1d6f0b\" data-element_type=\"widget\" data-e-type=\"widget\" data-widget_type=\"text-editor.default\">\n\t\t\t\t<div class=\"elementor-widget-container\">\n\t\t\t\t\t\t\t\t\t<p><span style=\"font-weight: 400;\">Furthermore, we understand that image is everything in the sale of a property. That is why we put a special focus on presentation and design. Each property we manage receives detailed attention in terms of professional photography, homestaging (if necessary) and high quality visual material, so that each space is shown at its best.<\/span><\/p><p><span style=\"font-weight: 400;\">The sales process does not end with the presentation of the property. We work to promote each property at all levels, using a combination of online and offline channels to ensure maximum visibility. Whether on national and international real estate portals, social media, or through customised marketing strategies, we ensure that we reach the right audience at the right time.<\/span><\/p>\t\t\t\t\t\t\t\t<\/div>\n\t\t\t\t<\/div>\n\t\t\t\t<div class=\"elementor-element elementor-element-38ba36c de_scroll_animation_no elementor-invisible elementor-widget elementor-widget-heading\" data-id=\"38ba36c\" data-element_type=\"widget\" data-e-type=\"widget\" data-settings=\"{&quot;_animation&quot;:&quot;fadeInUp&quot;}\" data-widget_type=\"heading.default\">\n\t\t\t\t<div class=\"elementor-widget-container\">\n\t\t\t\t\t<h2 class=\"elementor-heading-title elementor-size-default\">Accompaniment at every step<\/h2>\t\t\t\t<\/div>\n\t\t\t\t<\/div>\n\t\t\t\t<div class=\"elementor-element elementor-element-349c15c de_scroll_animation_no elementor-widget elementor-widget-text-editor\" data-id=\"349c15c\" data-element_type=\"widget\" data-e-type=\"widget\" data-widget_type=\"text-editor.default\">\n\t\t\t\t<div class=\"elementor-widget-container\">\n\t\t\t\t\t\t\t\t\t<p><span style=\"font-weight: 400;\">In addition, we accompany our clients through every step of the sales process: from the first evaluation of the property to the closing of the transaction. We ensure that all stages are handled with the utmost professionalism, providing legal and administrative advice if necessary, and facilitating communication with buyers to ensure a smooth and seamless negotiation process.<\/span><\/p>\t\t\t\t\t\t\t\t<\/div>\n\t\t\t\t<\/div>\n\t\t\t\t<\/div>\n\t\t<div class=\"elementor-element elementor-element-72ec2f8 e-con-full e-flex e-con e-child\" data-id=\"72ec2f8\" data-element_type=\"container\" data-e-type=\"container\">\n\t\t\t\t<div class=\"elementor-element elementor-element-fa9dcc1 de_scroll_animation_no elementor-widget elementor-widget-image\" data-id=\"fa9dcc1\" data-element_type=\"widget\" data-e-type=\"widget\" data-settings=\"{&quot;sticky&quot;:&quot;top&quot;,&quot;sticky_on&quot;:[&quot;tablet&quot;],&quot;sticky_parent&quot;:&quot;yes&quot;,&quot;sticky_offset&quot;:0,&quot;sticky_effects_offset&quot;:0,&quot;sticky_anchor_link_offset&quot;:0}\" data-widget_type=\"image.default\">\n\t\t\t\t<div class=\"elementor-widget-container\">\n\t\t\t\t\t\t\t\t\t\t\t\t\t\t\t<img decoding=\"async\" width=\"583\" height=\"789\" src=\"https:\/\/rennovastudio.com\/wp-content\/uploads\/2025\/05\/11.jpg\" class=\"attachment-large size-large wp-image-1678\" alt=\"\" srcset=\"https:\/\/rennovastudio.com\/wp-content\/uploads\/2025\/05\/11.jpg 583w, https:\/\/rennovastudio.com\/wp-content\/uploads\/2025\/05\/11-222x300.jpg 222w\" sizes=\"(max-width: 583px) 100vw, 583px\" \/>\t\t\t\t\t\t\t\t\t\t\t\t\t\t\t<\/div>\n\t\t\t\t<\/div>\n\t\t\t\t<\/div>\n\t\t\t\t\t<\/div>\n\t\t\t\t<\/div>\n\t\t\t\t<\/div>","protected":false},"excerpt":{"rendered":"<p>Cercan\u00eda, transparencia y honestidad En\u00a0Rennova Studio Real Estate\u00a0entendemos que la venta de un inmueble es mucho m\u00e1s que un simple tr\u00e1mite: es un proyecto personal, un proceso lleno de detalles que requiere cuidado, dedicaci\u00f3n y una estrategia que potencie el valor de cada propiedad. Nos centramos en ofrecer un servicio inmobiliario\u00a0personalizado\u00a0y\u00a0a medida, adaptado a las [&hellip;]<\/p>","protected":false},"author":12,"featured_media":0,"parent":0,"menu_order":0,"comment_status":"closed","ping_status":"closed","template":"elementor_header_footer","meta":{"footnotes":""},"class_list":["post-148","page","type-page","status-publish","hentry"],"yoast_head":"<!-- This site is optimized with the Yoast SEO plugin v27.4 - https:\/\/yoast.com\/product\/yoast-seo-wordpress\/ -->\n<title>Vender - Rennova Studio<\/title>\n<meta name=\"robots\" content=\"index, follow, max-snippet:-1, max-image-preview:large, max-video-preview:-1\" \/>\n<link rel=\"canonical\" href=\"https:\/\/rennovastudio.com\/en\/vender\/\" \/>\n<meta property=\"og:locale\" content=\"en_GB\" \/>\n<meta property=\"og:type\" content=\"article\" \/>\n<meta property=\"og:title\" content=\"Vender - Rennova Studio\" \/>\n<meta property=\"og:description\" content=\"Cercan\u00eda, transparencia y honestidad En\u00a0Rennova Studio Real Estate\u00a0entendemos que la venta de un inmueble es mucho m\u00e1s que un simple tr\u00e1mite: es un proyecto personal, un proceso lleno de detalles que requiere cuidado, dedicaci\u00f3n y una estrategia que potencie el valor de cada propiedad. Nos centramos en ofrecer un servicio inmobiliario\u00a0personalizado\u00a0y\u00a0a medida, adaptado a las [&hellip;]\" \/>\n<meta property=\"og:url\" content=\"https:\/\/rennovastudio.com\/en\/vender\/\" \/>\n<meta property=\"og:site_name\" content=\"Rennova Studio\" \/>\n<meta property=\"article:modified_time\" content=\"2025-05-28T15:40:52+00:00\" \/>\n<meta property=\"og:image\" content=\"https:\/\/rennovastudio.com\/wp-content\/uploads\/2025\/05\/12.jpg\" \/>\n<meta name=\"twitter:card\" content=\"summary_large_image\" \/>\n<script type=\"application\/ld+json\" class=\"yoast-schema-graph\">{\"@context\":\"https:\\\/\\\/schema.org\",\"@graph\":[{\"@type\":\"WebPage\",\"@id\":\"https:\\\/\\\/rennovastudio.com\\\/vender\\\/\",\"url\":\"https:\\\/\\\/rennovastudio.com\\\/vender\\\/\",\"name\":\"Vender - Rennova Studio\",\"isPartOf\":{\"@id\":\"https:\\\/\\\/rennovastudio.com\\\/es\\\/#website\"},\"primaryImageOfPage\":{\"@id\":\"https:\\\/\\\/rennovastudio.com\\\/vender\\\/#primaryimage\"},\"image\":{\"@id\":\"https:\\\/\\\/rennovastudio.com\\\/vender\\\/#primaryimage\"},\"thumbnailUrl\":\"https:\\\/\\\/rennovastudio.com\\\/wp-content\\\/uploads\\\/2025\\\/05\\\/12.jpg\",\"datePublished\":\"2025-01-12T05:54:42+00:00\",\"dateModified\":\"2025-05-28T15:40:52+00:00\",\"breadcrumb\":{\"@id\":\"https:\\\/\\\/rennovastudio.com\\\/vender\\\/#breadcrumb\"},\"inLanguage\":\"en-GB\",\"potentialAction\":[{\"@type\":\"ReadAction\",\"target\":[\"https:\\\/\\\/rennovastudio.com\\\/vender\\\/\"]}]},{\"@type\":\"ImageObject\",\"inLanguage\":\"en-GB\",\"@id\":\"https:\\\/\\\/rennovastudio.com\\\/vender\\\/#primaryimage\",\"url\":\"https:\\\/\\\/rennovastudio.com\\\/wp-content\\\/uploads\\\/2025\\\/05\\\/12.jpg\",\"contentUrl\":\"https:\\\/\\\/rennovastudio.com\\\/wp-content\\\/uploads\\\/2025\\\/05\\\/12.jpg\"},{\"@type\":\"BreadcrumbList\",\"@id\":\"https:\\\/\\\/rennovastudio.com\\\/vender\\\/#breadcrumb\",\"itemListElement\":[{\"@type\":\"ListItem\",\"position\":1,\"name\":\"Portada\",\"item\":\"https:\\\/\\\/rennovastudio.com\\\/es\\\/\"},{\"@type\":\"ListItem\",\"position\":2,\"name\":\"Vender\"}]},{\"@type\":\"WebSite\",\"@id\":\"https:\\\/\\\/rennovastudio.com\\\/es\\\/#website\",\"url\":\"https:\\\/\\\/rennovastudio.com\\\/es\\\/\",\"name\":\"Rennova Studio\",\"description\":\"Barcelona, S.L.\",\"potentialAction\":[{\"@type\":\"SearchAction\",\"target\":{\"@type\":\"EntryPoint\",\"urlTemplate\":\"https:\\\/\\\/rennovastudio.com\\\/es\\\/?s={search_term_string}\"},\"query-input\":{\"@type\":\"PropertyValueSpecification\",\"valueRequired\":true,\"valueName\":\"search_term_string\"}}],\"inLanguage\":\"en-GB\"}]}<\/script>\n<!-- \/ Yoast SEO plugin. -->","yoast_head_json":{"title":"Vender - Rennova Studio","robots":{"index":"index","follow":"follow","max-snippet":"max-snippet:-1","max-image-preview":"max-image-preview:large","max-video-preview":"max-video-preview:-1"},"canonical":"https:\/\/rennovastudio.com\/en\/vender\/","og_locale":"en_GB","og_type":"article","og_title":"Vender - Rennova Studio","og_description":"Cercan\u00eda, transparencia y honestidad En\u00a0Rennova Studio Real Estate\u00a0entendemos que la venta de un inmueble es mucho m\u00e1s que un simple tr\u00e1mite: es un proyecto personal, un proceso lleno de detalles que requiere cuidado, dedicaci\u00f3n y una estrategia que potencie el valor de cada propiedad. Nos centramos en ofrecer un servicio inmobiliario\u00a0personalizado\u00a0y\u00a0a medida, adaptado a las [&hellip;]","og_url":"https:\/\/rennovastudio.com\/en\/vender\/","og_site_name":"Rennova Studio","article_modified_time":"2025-05-28T15:40:52+00:00","og_image":[{"url":"https:\/\/rennovastudio.com\/wp-content\/uploads\/2025\/05\/12.jpg","type":"","width":"","height":""}],"twitter_card":"summary_large_image","schema":{"@context":"https:\/\/schema.org","@graph":[{"@type":"WebPage","@id":"https:\/\/rennovastudio.com\/vender\/","url":"https:\/\/rennovastudio.com\/vender\/","name":"Vender - Rennova Studio","isPartOf":{"@id":"https:\/\/rennovastudio.com\/es\/#website"},"primaryImageOfPage":{"@id":"https:\/\/rennovastudio.com\/vender\/#primaryimage"},"image":{"@id":"https:\/\/rennovastudio.com\/vender\/#primaryimage"},"thumbnailUrl":"https:\/\/rennovastudio.com\/wp-content\/uploads\/2025\/05\/12.jpg","datePublished":"2025-01-12T05:54:42+00:00","dateModified":"2025-05-28T15:40:52+00:00","breadcrumb":{"@id":"https:\/\/rennovastudio.com\/vender\/#breadcrumb"},"inLanguage":"en-GB","potentialAction":[{"@type":"ReadAction","target":["https:\/\/rennovastudio.com\/vender\/"]}]},{"@type":"ImageObject","inLanguage":"en-GB","@id":"https:\/\/rennovastudio.com\/vender\/#primaryimage","url":"https:\/\/rennovastudio.com\/wp-content\/uploads\/2025\/05\/12.jpg","contentUrl":"https:\/\/rennovastudio.com\/wp-content\/uploads\/2025\/05\/12.jpg"},{"@type":"BreadcrumbList","@id":"https:\/\/rennovastudio.com\/vender\/#breadcrumb","itemListElement":[{"@type":"ListItem","position":1,"name":"Portada","item":"https:\/\/rennovastudio.com\/es\/"},{"@type":"ListItem","position":2,"name":"Vender"}]},{"@type":"WebSite","@id":"https:\/\/rennovastudio.com\/es\/#website","url":"https:\/\/rennovastudio.com\/es\/","name":"Rennova Studio","description":"Barcelona, S.L.","potentialAction":[{"@type":"SearchAction","target":{"@type":"EntryPoint","urlTemplate":"https:\/\/rennovastudio.com\/es\/?s={search_term_string}"},"query-input":{"@type":"PropertyValueSpecification","valueRequired":true,"valueName":"search_term_string"}}],"inLanguage":"en-GB"}]}},"_links":{"self":[{"href":"https:\/\/rennovastudio.com\/en\/wp-json\/wp\/v2\/pages\/148","targetHints":{"allow":["GET"]}}],"collection":[{"href":"https:\/\/rennovastudio.com\/en\/wp-json\/wp\/v2\/pages"}],"about":[{"href":"https:\/\/rennovastudio.com\/en\/wp-json\/wp\/v2\/types\/page"}],"author":[{"embeddable":true,"href":"https:\/\/rennovastudio.com\/en\/wp-json\/wp\/v2\/users\/12"}],"replies":[{"embeddable":true,"href":"https:\/\/rennovastudio.com\/en\/wp-json\/wp\/v2\/comments?post=148"}],"version-history":[{"count":0,"href":"https:\/\/rennovastudio.com\/en\/wp-json\/wp\/v2\/pages\/148\/revisions"}],"wp:attachment":[{"href":"https:\/\/rennovastudio.com\/en\/wp-json\/wp\/v2\/media?parent=148"}],"curies":[{"name":"wp","href":"https:\/\/api.w.org\/{rel}","templated":true}]}}