{"id":148,"date":"2025-01-12T06:54:42","date_gmt":"2025-01-12T05:54:42","guid":{"rendered":"https:\/\/rennovastudio.com\/?page_id=148"},"modified":"2025-05-28T17:40:52","modified_gmt":"2025-05-28T15:40:52","slug":"vender","status":"publish","type":"page","link":"https:\/\/rennovastudio.com\/es\/vender\/","title":{"rendered":"Vender"},"content":{"rendered":"\t\t<div data-elementor-type=\"wp-page\" data-elementor-id=\"148\" class=\"elementor elementor-148\" data-elementor-post-type=\"page\">\n\t\t\t\t<div class=\"elementor-element elementor-element-138fa60 e-flex e-con-boxed e-con e-parent\" data-id=\"138fa60\" data-element_type=\"container\" data-e-type=\"container\">\n\t\t\t\t\t<div class=\"e-con-inner\">\n\t\t<div class=\"elementor-element elementor-element-5d9543a e-con-full e-flex e-con e-child\" data-id=\"5d9543a\" data-element_type=\"container\" data-e-type=\"container\">\n\t\t\t\t<div class=\"elementor-element elementor-element-ab6ff76 de_scroll_animation_no elementor-widget elementor-widget-image\" data-id=\"ab6ff76\" data-element_type=\"widget\" data-e-type=\"widget\" data-settings=\"{&quot;sticky&quot;:&quot;top&quot;,&quot;sticky_on&quot;:[&quot;tablet&quot;],&quot;sticky_parent&quot;:&quot;yes&quot;,&quot;sticky_offset&quot;:0,&quot;sticky_effects_offset&quot;:0,&quot;sticky_anchor_link_offset&quot;:0}\" data-widget_type=\"image.default\">\n\t\t\t\t<div class=\"elementor-widget-container\">\n\t\t\t\t\t\t\t\t\t\t\t\t\t\t\t<img fetchpriority=\"high\" decoding=\"async\" width=\"580\" height=\"515\" src=\"https:\/\/rennovastudio.com\/wp-content\/uploads\/2025\/05\/12.jpg\" class=\"attachment-large size-large wp-image-1673\" alt=\"\" srcset=\"https:\/\/rennovastudio.com\/wp-content\/uploads\/2025\/05\/12.jpg 580w, https:\/\/rennovastudio.com\/wp-content\/uploads\/2025\/05\/12-300x266.jpg 300w\" sizes=\"(max-width: 580px) 100vw, 580px\" \/>\t\t\t\t\t\t\t\t\t\t\t\t\t\t\t<\/div>\n\t\t\t\t<\/div>\n\t\t\t\t<\/div>\n\t\t<div class=\"elementor-element elementor-element-eaf2c94 e-con-full e-flex e-con e-child\" data-id=\"eaf2c94\" data-element_type=\"container\" data-e-type=\"container\">\n\t\t\t\t<div class=\"elementor-element elementor-element-a6ba7bf de_scroll_animation_no elementor-invisible elementor-widget elementor-widget-heading\" data-id=\"a6ba7bf\" data-element_type=\"widget\" data-e-type=\"widget\" data-settings=\"{&quot;_animation&quot;:&quot;fadeInUp&quot;}\" data-widget_type=\"heading.default\">\n\t\t\t\t<div class=\"elementor-widget-container\">\n\t\t\t\t\t<h2 class=\"elementor-heading-title elementor-size-default\">Cercan\u00eda, transparencia y honestidad<\/h2>\t\t\t\t<\/div>\n\t\t\t\t<\/div>\n\t\t\t\t<div class=\"elementor-element elementor-element-7bcb742 de_scroll_animation_no elementor-widget elementor-widget-text-editor\" data-id=\"7bcb742\" data-element_type=\"widget\" data-e-type=\"widget\" data-widget_type=\"text-editor.default\">\n\t\t\t\t<div class=\"elementor-widget-container\">\n\t\t\t\t\t\t\t\t\t<p>En\u00a0Rennova Studio Real Estate\u00a0entendemos que la venta de un inmueble es mucho m\u00e1s que un simple tr\u00e1mite: es un proyecto personal, un proceso lleno de detalles que requiere cuidado, dedicaci\u00f3n y una estrategia que potencie el valor de cada propiedad. Nos centramos en ofrecer un servicio inmobiliario\u00a0personalizado\u00a0y\u00a0a medida, adaptado a las necesidades y expectativas de cada propietario. Nuestro equipo est\u00e1 especializado en las zonas de \u00a0<strong>Barcelona, Maresme y la Costa Brava.\u00a0<\/strong><\/p><p><span style=\"font-weight: 400;\">Lo que nos distingue es nuestra\u00a0total transparencia\u00a0en cada paso del proceso. Mantenemos a nuestros clientes informados y tranquilos a lo largo de todo el proceso de venta, con una comunicaci\u00f3n abierta y sin sorpresas. Nos aseguramos de que cada decisi\u00f3n est\u00e9 basada en un an\u00e1lisis claro y honesto del mercado, adaptado a sus objetivos espec\u00edficos.<\/span><\/p>\t\t\t\t\t\t\t\t<\/div>\n\t\t\t\t<\/div>\n\t\t\t\t<\/div>\n\t\t\t\t\t<\/div>\n\t\t\t\t<\/div>\n\t\t<div class=\"elementor-element elementor-element-54c8bd3 e-flex e-con-boxed e-con e-parent\" data-id=\"54c8bd3\" data-element_type=\"container\" data-e-type=\"container\">\n\t\t\t\t\t<div class=\"e-con-inner\">\n\t\t<div class=\"elementor-element elementor-element-de1a35f e-con-full e-flex e-con e-child\" data-id=\"de1a35f\" data-element_type=\"container\" data-e-type=\"container\">\n\t\t\t\t<div class=\"elementor-element elementor-element-4742f1b de_scroll_animation_no elementor-invisible elementor-widget elementor-widget-heading\" data-id=\"4742f1b\" data-element_type=\"widget\" data-e-type=\"widget\" data-settings=\"{&quot;_animation&quot;:&quot;fadeInUp&quot;}\" data-widget_type=\"heading.default\">\n\t\t\t\t<div class=\"elementor-widget-container\">\n\t\t\t\t\t<h2 class=\"elementor-heading-title elementor-size-default\">Maximizamos el valor de tu  propiedad<\/h2>\t\t\t\t<\/div>\n\t\t\t\t<\/div>\n\t\t\t\t<div class=\"elementor-element elementor-element-f1d6f0b de_scroll_animation_no elementor-widget elementor-widget-text-editor\" data-id=\"f1d6f0b\" data-element_type=\"widget\" data-e-type=\"widget\" data-widget_type=\"text-editor.default\">\n\t\t\t\t<div class=\"elementor-widget-container\">\n\t\t\t\t\t\t\t\t\t<p><span style=\"font-weight: 400;\">Adem\u00e1s, entendemos que\u00a0la imagen lo es todo\u00a0en la venta de un inmueble. Por eso, ponemos un enfoque especial en la\u00a0presentaci\u00f3n y el dise\u00f1o. Cada propiedad que gestionamos recibe una atenci\u00f3n detallada en cuanto a fotograf\u00eda profesional, homestaging (si es necesario) y material visual de alta calidad, con el fin de que cada espacio se muestre en su mejor versi\u00f3n.<\/span><\/p><p><span style=\"font-weight: 400;\">El proceso de venta no termina con la presentaci\u00f3n del inmueble. Trabajamos en la\u00a0difusi\u00f3n de cada propiedad a todos los niveles, utilizando una combinaci\u00f3n de canales online y offline para asegurar la m\u00e1xima visibilidad. Ya sea en portales inmobiliarios (nacionales e internacionales) , redes sociales, o mediante estrategias de marketing personalizadas, nos encargamos de llegar al p\u00fablico adecuado en el momento adecuado.<\/span><\/p>\t\t\t\t\t\t\t\t<\/div>\n\t\t\t\t<\/div>\n\t\t\t\t<div class=\"elementor-element elementor-element-38ba36c de_scroll_animation_no elementor-invisible elementor-widget elementor-widget-heading\" data-id=\"38ba36c\" data-element_type=\"widget\" data-e-type=\"widget\" data-settings=\"{&quot;_animation&quot;:&quot;fadeInUp&quot;}\" data-widget_type=\"heading.default\">\n\t\t\t\t<div class=\"elementor-widget-container\">\n\t\t\t\t\t<h2 class=\"elementor-heading-title elementor-size-default\">Acompa\u00f1amiento en cada paso<\/h2>\t\t\t\t<\/div>\n\t\t\t\t<\/div>\n\t\t\t\t<div class=\"elementor-element elementor-element-349c15c de_scroll_animation_no elementor-widget elementor-widget-text-editor\" data-id=\"349c15c\" data-element_type=\"widget\" data-e-type=\"widget\" data-widget_type=\"text-editor.default\">\n\t\t\t\t<div class=\"elementor-widget-container\">\n\t\t\t\t\t\t\t\t\t<p><span style=\"font-weight: 400;\">Adem\u00e1s,\u00a0acompa\u00f1amos a nuestros clientes en cada paso del proceso de venta: desde la primera evaluaci\u00f3n del inmueble hasta el cierre de la transacci\u00f3n. Nos aseguramos de que todas las etapas se gestionen con la m\u00e1xima profesionalidad, proporcionando asesor\u00eda jur\u00eddica y administrativa si es necesario, y facilitando la comunicaci\u00f3n con los compradores para garantizar un proceso de negociaci\u00f3n fluido y sin contratiempos.<\/span><\/p>\t\t\t\t\t\t\t\t<\/div>\n\t\t\t\t<\/div>\n\t\t\t\t<\/div>\n\t\t<div class=\"elementor-element elementor-element-72ec2f8 e-con-full e-flex e-con e-child\" data-id=\"72ec2f8\" data-element_type=\"container\" data-e-type=\"container\">\n\t\t\t\t<div class=\"elementor-element elementor-element-fa9dcc1 de_scroll_animation_no elementor-widget elementor-widget-image\" data-id=\"fa9dcc1\" data-element_type=\"widget\" data-e-type=\"widget\" data-settings=\"{&quot;sticky&quot;:&quot;top&quot;,&quot;sticky_on&quot;:[&quot;tablet&quot;],&quot;sticky_parent&quot;:&quot;yes&quot;,&quot;sticky_offset&quot;:0,&quot;sticky_effects_offset&quot;:0,&quot;sticky_anchor_link_offset&quot;:0}\" data-widget_type=\"image.default\">\n\t\t\t\t<div class=\"elementor-widget-container\">\n\t\t\t\t\t\t\t\t\t\t\t\t\t\t\t<img decoding=\"async\" width=\"583\" height=\"789\" src=\"https:\/\/rennovastudio.com\/wp-content\/uploads\/2025\/05\/11.jpg\" class=\"attachment-large size-large wp-image-1678\" alt=\"\" srcset=\"https:\/\/rennovastudio.com\/wp-content\/uploads\/2025\/05\/11.jpg 583w, https:\/\/rennovastudio.com\/wp-content\/uploads\/2025\/05\/11-222x300.jpg 222w\" sizes=\"(max-width: 583px) 100vw, 583px\" \/>\t\t\t\t\t\t\t\t\t\t\t\t\t\t\t<\/div>\n\t\t\t\t<\/div>\n\t\t\t\t<\/div>\n\t\t\t\t\t<\/div>\n\t\t\t\t<\/div>\n\t\t\t\t<\/div>\n\t\t","protected":false},"excerpt":{"rendered":"<p>Cercan\u00eda, transparencia y honestidad En\u00a0Rennova Studio Real Estate\u00a0entendemos que la venta de un inmueble es mucho m\u00e1s que un simple tr\u00e1mite: es un proyecto personal, un proceso lleno de detalles que requiere cuidado, dedicaci\u00f3n y una estrategia que potencie el valor de cada propiedad. Nos centramos en ofrecer un servicio inmobiliario\u00a0personalizado\u00a0y\u00a0a medida, adaptado a las [&hellip;]<\/p>\n","protected":false},"author":12,"featured_media":0,"parent":0,"menu_order":0,"comment_status":"closed","ping_status":"closed","template":"elementor_header_footer","meta":{"footnotes":""},"class_list":["post-148","page","type-page","status-publish","hentry"],"yoast_head":"<!-- This site is optimized with the Yoast SEO plugin v27.4 - https:\/\/yoast.com\/product\/yoast-seo-wordpress\/ -->\n<title>Vender - Rennova Studio<\/title>\n<meta name=\"robots\" content=\"index, follow, max-snippet:-1, max-image-preview:large, max-video-preview:-1\" \/>\n<link rel=\"canonical\" href=\"https:\/\/rennovastudio.com\/es\/vender\/\" \/>\n<meta property=\"og:locale\" content=\"es_ES\" \/>\n<meta property=\"og:type\" content=\"article\" \/>\n<meta property=\"og:title\" content=\"Vender - Rennova Studio\" \/>\n<meta property=\"og:description\" content=\"Cercan\u00eda, transparencia y honestidad En\u00a0Rennova Studio Real Estate\u00a0entendemos que la venta de un inmueble es mucho m\u00e1s que un simple tr\u00e1mite: es un proyecto personal, un proceso lleno de detalles que requiere cuidado, dedicaci\u00f3n y una estrategia que potencie el valor de cada propiedad. Nos centramos en ofrecer un servicio inmobiliario\u00a0personalizado\u00a0y\u00a0a medida, adaptado a las [&hellip;]\" \/>\n<meta property=\"og:url\" content=\"https:\/\/rennovastudio.com\/es\/vender\/\" \/>\n<meta property=\"og:site_name\" content=\"Rennova Studio\" \/>\n<meta property=\"article:modified_time\" content=\"2025-05-28T15:40:52+00:00\" \/>\n<meta property=\"og:image\" content=\"https:\/\/rennovastudio.com\/wp-content\/uploads\/2025\/05\/12.jpg\" \/>\n<meta name=\"twitter:card\" content=\"summary_large_image\" \/>\n<script type=\"application\/ld+json\" class=\"yoast-schema-graph\">{\"@context\":\"https:\\\/\\\/schema.org\",\"@graph\":[{\"@type\":\"WebPage\",\"@id\":\"https:\\\/\\\/rennovastudio.com\\\/vender\\\/\",\"url\":\"https:\\\/\\\/rennovastudio.com\\\/vender\\\/\",\"name\":\"Vender - Rennova Studio\",\"isPartOf\":{\"@id\":\"https:\\\/\\\/rennovastudio.com\\\/es\\\/#website\"},\"primaryImageOfPage\":{\"@id\":\"https:\\\/\\\/rennovastudio.com\\\/vender\\\/#primaryimage\"},\"image\":{\"@id\":\"https:\\\/\\\/rennovastudio.com\\\/vender\\\/#primaryimage\"},\"thumbnailUrl\":\"https:\\\/\\\/rennovastudio.com\\\/wp-content\\\/uploads\\\/2025\\\/05\\\/12.jpg\",\"datePublished\":\"2025-01-12T05:54:42+00:00\",\"dateModified\":\"2025-05-28T15:40:52+00:00\",\"breadcrumb\":{\"@id\":\"https:\\\/\\\/rennovastudio.com\\\/vender\\\/#breadcrumb\"},\"inLanguage\":\"es\",\"potentialAction\":[{\"@type\":\"ReadAction\",\"target\":[\"https:\\\/\\\/rennovastudio.com\\\/vender\\\/\"]}]},{\"@type\":\"ImageObject\",\"inLanguage\":\"es\",\"@id\":\"https:\\\/\\\/rennovastudio.com\\\/vender\\\/#primaryimage\",\"url\":\"https:\\\/\\\/rennovastudio.com\\\/wp-content\\\/uploads\\\/2025\\\/05\\\/12.jpg\",\"contentUrl\":\"https:\\\/\\\/rennovastudio.com\\\/wp-content\\\/uploads\\\/2025\\\/05\\\/12.jpg\"},{\"@type\":\"BreadcrumbList\",\"@id\":\"https:\\\/\\\/rennovastudio.com\\\/vender\\\/#breadcrumb\",\"itemListElement\":[{\"@type\":\"ListItem\",\"position\":1,\"name\":\"Portada\",\"item\":\"https:\\\/\\\/rennovastudio.com\\\/es\\\/\"},{\"@type\":\"ListItem\",\"position\":2,\"name\":\"Vender\"}]},{\"@type\":\"WebSite\",\"@id\":\"https:\\\/\\\/rennovastudio.com\\\/es\\\/#website\",\"url\":\"https:\\\/\\\/rennovastudio.com\\\/es\\\/\",\"name\":\"Rennova Studio\",\"description\":\"Barcelona, S.L.\",\"potentialAction\":[{\"@type\":\"SearchAction\",\"target\":{\"@type\":\"EntryPoint\",\"urlTemplate\":\"https:\\\/\\\/rennovastudio.com\\\/es\\\/?s={search_term_string}\"},\"query-input\":{\"@type\":\"PropertyValueSpecification\",\"valueRequired\":true,\"valueName\":\"search_term_string\"}}],\"inLanguage\":\"es\"}]}<\/script>\n<!-- \/ Yoast SEO plugin. -->","yoast_head_json":{"title":"Vender - Rennova Studio","robots":{"index":"index","follow":"follow","max-snippet":"max-snippet:-1","max-image-preview":"max-image-preview:large","max-video-preview":"max-video-preview:-1"},"canonical":"https:\/\/rennovastudio.com\/es\/vender\/","og_locale":"es_ES","og_type":"article","og_title":"Vender - Rennova Studio","og_description":"Cercan\u00eda, transparencia y honestidad En\u00a0Rennova Studio Real Estate\u00a0entendemos que la venta de un inmueble es mucho m\u00e1s que un simple tr\u00e1mite: es un proyecto personal, un proceso lleno de detalles que requiere cuidado, dedicaci\u00f3n y una estrategia que potencie el valor de cada propiedad. Nos centramos en ofrecer un servicio inmobiliario\u00a0personalizado\u00a0y\u00a0a medida, adaptado a las [&hellip;]","og_url":"https:\/\/rennovastudio.com\/es\/vender\/","og_site_name":"Rennova Studio","article_modified_time":"2025-05-28T15:40:52+00:00","og_image":[{"url":"https:\/\/rennovastudio.com\/wp-content\/uploads\/2025\/05\/12.jpg","type":"","width":"","height":""}],"twitter_card":"summary_large_image","schema":{"@context":"https:\/\/schema.org","@graph":[{"@type":"WebPage","@id":"https:\/\/rennovastudio.com\/vender\/","url":"https:\/\/rennovastudio.com\/vender\/","name":"Vender - Rennova Studio","isPartOf":{"@id":"https:\/\/rennovastudio.com\/es\/#website"},"primaryImageOfPage":{"@id":"https:\/\/rennovastudio.com\/vender\/#primaryimage"},"image":{"@id":"https:\/\/rennovastudio.com\/vender\/#primaryimage"},"thumbnailUrl":"https:\/\/rennovastudio.com\/wp-content\/uploads\/2025\/05\/12.jpg","datePublished":"2025-01-12T05:54:42+00:00","dateModified":"2025-05-28T15:40:52+00:00","breadcrumb":{"@id":"https:\/\/rennovastudio.com\/vender\/#breadcrumb"},"inLanguage":"es","potentialAction":[{"@type":"ReadAction","target":["https:\/\/rennovastudio.com\/vender\/"]}]},{"@type":"ImageObject","inLanguage":"es","@id":"https:\/\/rennovastudio.com\/vender\/#primaryimage","url":"https:\/\/rennovastudio.com\/wp-content\/uploads\/2025\/05\/12.jpg","contentUrl":"https:\/\/rennovastudio.com\/wp-content\/uploads\/2025\/05\/12.jpg"},{"@type":"BreadcrumbList","@id":"https:\/\/rennovastudio.com\/vender\/#breadcrumb","itemListElement":[{"@type":"ListItem","position":1,"name":"Portada","item":"https:\/\/rennovastudio.com\/es\/"},{"@type":"ListItem","position":2,"name":"Vender"}]},{"@type":"WebSite","@id":"https:\/\/rennovastudio.com\/es\/#website","url":"https:\/\/rennovastudio.com\/es\/","name":"Rennova Studio","description":"Barcelona, S.L.","potentialAction":[{"@type":"SearchAction","target":{"@type":"EntryPoint","urlTemplate":"https:\/\/rennovastudio.com\/es\/?s={search_term_string}"},"query-input":{"@type":"PropertyValueSpecification","valueRequired":true,"valueName":"search_term_string"}}],"inLanguage":"es"}]}},"_links":{"self":[{"href":"https:\/\/rennovastudio.com\/es\/wp-json\/wp\/v2\/pages\/148","targetHints":{"allow":["GET"]}}],"collection":[{"href":"https:\/\/rennovastudio.com\/es\/wp-json\/wp\/v2\/pages"}],"about":[{"href":"https:\/\/rennovastudio.com\/es\/wp-json\/wp\/v2\/types\/page"}],"author":[{"embeddable":true,"href":"https:\/\/rennovastudio.com\/es\/wp-json\/wp\/v2\/users\/12"}],"replies":[{"embeddable":true,"href":"https:\/\/rennovastudio.com\/es\/wp-json\/wp\/v2\/comments?post=148"}],"version-history":[{"count":0,"href":"https:\/\/rennovastudio.com\/es\/wp-json\/wp\/v2\/pages\/148\/revisions"}],"wp:attachment":[{"href":"https:\/\/rennovastudio.com\/es\/wp-json\/wp\/v2\/media?parent=148"}],"curies":[{"name":"wp","href":"https:\/\/api.w.org\/{rel}","templated":true}]}}