{"id":149,"date":"2025-01-12T06:55:28","date_gmt":"2025-01-12T05:55:28","guid":{"rendered":"https:\/\/rennovastudio.com\/?page_id=149"},"modified":"2025-06-26T08:00:06","modified_gmt":"2025-06-26T06:00:06","slug":"invertir","status":"publish","type":"page","link":"https:\/\/rennovastudio.com\/es\/invertir\/","title":{"rendered":"Invertir"},"content":{"rendered":"\t\t<div data-elementor-type=\"wp-page\" data-elementor-id=\"149\" class=\"elementor elementor-149\" data-elementor-post-type=\"page\">\n\t\t\t\t<div class=\"elementor-element elementor-element-ba4a652 e-flex e-con-boxed e-con e-parent\" data-id=\"ba4a652\" data-element_type=\"container\" data-e-type=\"container\">\n\t\t\t\t\t<div class=\"e-con-inner\">\n\t\t<div class=\"elementor-element elementor-element-cd50c57 e-con-full e-flex e-con e-child\" data-id=\"cd50c57\" data-element_type=\"container\" data-e-type=\"container\">\n\t\t\t\t<div class=\"elementor-element elementor-element-632805c de_scroll_animation_no elementor-widget elementor-widget-text-editor\" data-id=\"632805c\" data-element_type=\"widget\" data-e-type=\"widget\" data-widget_type=\"text-editor.default\">\n\t\t\t\t<div class=\"elementor-widget-container\">\n\t\t\t\t\t\t\t\t\t<p><span style=\"font-weight: 400;\">En\u00a0Rennova Studio Real Estate sabemos que la inversi\u00f3n inmobiliaria no es solo una cuesti\u00f3n de n\u00fameros, sino una decisi\u00f3n estrat\u00e9gica que puede transformar tu futuro. Con nuestro servicio de\u00a0acompa\u00f1amiento en inversi\u00f3n inmobiliaria, te ayudamos a tomar decisiones informadas, maximizar el rendimiento de tu cartera y minimizar los riesgos, siempre con un enfoque personalizado y a largo plazo.<\/span><\/p><p><span style=\"font-weight: 400;\">Cada inversor es \u00fanico, y cada oportunidad inmobiliaria tambi\u00e9n lo es. Por eso, dise\u00f1amos un\u00a0plan de inversi\u00f3n personalizado\u00a0basado en tus objetivos espec\u00edficos. Ya seas un inversor experimentado o est\u00e9s dando tus primeros pasos en el mundo inmobiliario, te ofrecemos un an\u00e1lisis detallado del mercado, identificando las oportunidades m\u00e1s rentables y alineadas con tu perfil de inversi\u00f3n. Nos aseguramos de que cada decisi\u00f3n sea respaldada por un estudio exhaustivo y un entendimiento profundo del mercado.<\/span><\/p><p><span style=\"font-weight: 400;\">Si est\u00e1s buscando un acompa\u00f1amiento experto y confiable en el mundo de la inversi\u00f3n inmobiliaria, no dudes en contactarnos. Te ayudaremos a transformar tus objetivos financieros en proyectos exitosos, maximizando tus oportunidades en el mercado inmobiliario.<\/span><\/p>\t\t\t\t\t\t\t\t<\/div>\n\t\t\t\t<\/div>\n\t\t\t\t<\/div>\n\t\t\t\t\t<\/div>\n\t\t\t\t<\/div>\n\t\t<div class=\"elementor-element elementor-element-9c7063f e-flex e-con-boxed e-con e-parent\" data-id=\"9c7063f\" data-element_type=\"container\" data-e-type=\"container\">\n\t\t\t\t\t<div class=\"e-con-inner\">\n\t\t<div class=\"elementor-element elementor-element-319e8c8 e-con-full e-flex e-con e-child\" data-id=\"319e8c8\" data-element_type=\"container\" data-e-type=\"container\">\n\t\t\t\t<div class=\"elementor-element elementor-element-95768a7 de_scroll_animation_no elementor-widget elementor-widget-heading\" data-id=\"95768a7\" data-element_type=\"widget\" data-e-type=\"widget\" data-widget_type=\"heading.default\">\n\t\t\t\t<div class=\"elementor-widget-container\">\n\t\t\t\t\t<h2 class=\"elementor-heading-title elementor-size-default\">\u00daltimos Proyectos<\/h2>\t\t\t\t<\/div>\n\t\t\t\t<\/div>\n\t\t\t\t<\/div>\n\t\t<div class=\"elementor-element elementor-element-227bf50 e-con-full e-flex e-con e-child\" data-id=\"227bf50\" data-element_type=\"container\" data-e-type=\"container\">\n\t\t\t\t<div class=\"elementor-element elementor-element-f5d1348 ekit-equal-height-enable de_scroll_animation_no elementor-widget elementor-widget-elementskit-image-box\" data-id=\"f5d1348\" data-element_type=\"widget\" data-e-type=\"widget\" data-widget_type=\"elementskit-image-box.default\">\n\t\t\t\t<div class=\"elementor-widget-container\">\n\t\t\t\t\t<div class=\"ekit-wid-con\" >\n            <div class=\"elementskit-info-image-box ekit-image-box text-center style-modern\" >\n\n                \n                <div class=\"elementskit-box-header image-box-img-center\">\n\n                    <img fetchpriority=\"high\" decoding=\"async\" width=\"1350\" height=\"900\" src=\"https:\/\/rennovastudio.com\/wp-content\/uploads\/2025\/01\/Gemma_Sant-Agusti-DESPUES-22.jpg\" class=\"attachment-full size-full wp-image-879\" alt=\"\" srcset=\"https:\/\/rennovastudio.com\/wp-content\/uploads\/2025\/01\/Gemma_Sant-Agusti-DESPUES-22.jpg 1350w, https:\/\/rennovastudio.com\/wp-content\/uploads\/2025\/01\/Gemma_Sant-Agusti-DESPUES-22-300x200.jpg 300w, https:\/\/rennovastudio.com\/wp-content\/uploads\/2025\/01\/Gemma_Sant-Agusti-DESPUES-22-1024x683.jpg 1024w, https:\/\/rennovastudio.com\/wp-content\/uploads\/2025\/01\/Gemma_Sant-Agusti-DESPUES-22-768x512.jpg 768w\" sizes=\"(max-width: 1350px) 100vw, 1350px\" \/>\n                <\/div>\n                \n                <div class=\"elementskit-box-body ekit-image-box-body\">\n                    <div class=\"elementskit-box-content ekit-image-box-body-inner\">\n                                                <h3 class=\"elementskit-info-box-title\">\n\n                        Proyecto Agust\u00ed\n                        \n                    <\/h3>\n                                                            <div class=\"elementskit-box-style-content\">\n                        <b>Modalidad:<\/b> CRV<br>\n<b>Rentabilidad:<\/b> 25%\n                    <\/div>\n                                    <\/div>\n\n                            <\/div>\n            <\/div>\n    <\/div>\t\t\t\t<\/div>\n\t\t\t\t<\/div>\n\t\t\t\t<\/div>\n\t\t<div class=\"elementor-element elementor-element-5076e50 e-con-full e-flex e-con e-child\" data-id=\"5076e50\" data-element_type=\"container\" data-e-type=\"container\">\n\t\t\t\t<div class=\"elementor-element elementor-element-6474d38 ekit-equal-height-enable de_scroll_animation_no elementor-widget elementor-widget-elementskit-image-box\" data-id=\"6474d38\" data-element_type=\"widget\" data-e-type=\"widget\" data-widget_type=\"elementskit-image-box.default\">\n\t\t\t\t<div class=\"elementor-widget-container\">\n\t\t\t\t\t<div class=\"ekit-wid-con\" >\n            <div class=\"elementskit-info-image-box ekit-image-box text-center style-modern\" >\n\n                \n                <div class=\"elementskit-box-header image-box-img-center\">\n\n                    <img decoding=\"async\" width=\"2560\" height=\"1707\" src=\"https:\/\/rennovastudio.com\/wp-content\/uploads\/2025\/01\/Rennova_Ramon-Berenguer-el-Vell-4-DESPUES-4-scaled.jpg\" class=\"attachment-full size-full wp-image-907\" alt=\"\" srcset=\"https:\/\/rennovastudio.com\/wp-content\/uploads\/2025\/01\/Rennova_Ramon-Berenguer-el-Vell-4-DESPUES-4-scaled.jpg 2560w, https:\/\/rennovastudio.com\/wp-content\/uploads\/2025\/01\/Rennova_Ramon-Berenguer-el-Vell-4-DESPUES-4-300x200.jpg 300w, https:\/\/rennovastudio.com\/wp-content\/uploads\/2025\/01\/Rennova_Ramon-Berenguer-el-Vell-4-DESPUES-4-1024x683.jpg 1024w, https:\/\/rennovastudio.com\/wp-content\/uploads\/2025\/01\/Rennova_Ramon-Berenguer-el-Vell-4-DESPUES-4-768x512.jpg 768w, https:\/\/rennovastudio.com\/wp-content\/uploads\/2025\/01\/Rennova_Ramon-Berenguer-el-Vell-4-DESPUES-4-1536x1024.jpg 1536w, https:\/\/rennovastudio.com\/wp-content\/uploads\/2025\/01\/Rennova_Ramon-Berenguer-el-Vell-4-DESPUES-4-2048x1365.jpg 2048w\" sizes=\"(max-width: 2560px) 100vw, 2560px\" \/>\n                <\/div>\n                \n                <div class=\"elementskit-box-body ekit-image-box-body\">\n                    <div class=\"elementskit-box-content ekit-image-box-body-inner\">\n                                                <h3 class=\"elementskit-info-box-title\">\n\n                        Proyecto Berenguer\n                        \n                    <\/h3>\n                                                            <div class=\"elementskit-box-style-content\">\n                        <b>Modalidad:<\/b> CRV<br>\n<b>Rentabilidad:<\/b> 23%\n                    <\/div>\n                                    <\/div>\n\n                            <\/div>\n            <\/div>\n    <\/div>\t\t\t\t<\/div>\n\t\t\t\t<\/div>\n\t\t\t\t<\/div>\n\t\t<div class=\"elementor-element elementor-element-14248c4 e-con-full e-flex e-con e-child\" data-id=\"14248c4\" data-element_type=\"container\" data-e-type=\"container\">\n\t\t\t\t<div class=\"elementor-element elementor-element-940bbdc ekit-equal-height-enable de_scroll_animation_no elementor-widget elementor-widget-elementskit-image-box\" data-id=\"940bbdc\" data-element_type=\"widget\" data-e-type=\"widget\" data-widget_type=\"elementskit-image-box.default\">\n\t\t\t\t<div class=\"elementor-widget-container\">\n\t\t\t\t\t<div class=\"ekit-wid-con\" >\n            <div class=\"elementskit-info-image-box ekit-image-box text-center style-modern\" >\n\n                \n                <div class=\"elementskit-box-header image-box-img-center\">\n\n                    <img decoding=\"async\" width=\"2560\" height=\"1707\" src=\"https:\/\/rennovastudio.com\/wp-content\/uploads\/2025\/01\/Rennova_Av.-Mare-de-Deu-de-Montserrat-DESPUES-17-1-scaled.jpg\" class=\"attachment-full size-full wp-image-911\" alt=\"\" srcset=\"https:\/\/rennovastudio.com\/wp-content\/uploads\/2025\/01\/Rennova_Av.-Mare-de-Deu-de-Montserrat-DESPUES-17-1-scaled.jpg 2560w, https:\/\/rennovastudio.com\/wp-content\/uploads\/2025\/01\/Rennova_Av.-Mare-de-Deu-de-Montserrat-DESPUES-17-1-300x200.jpg 300w, https:\/\/rennovastudio.com\/wp-content\/uploads\/2025\/01\/Rennova_Av.-Mare-de-Deu-de-Montserrat-DESPUES-17-1-1024x683.jpg 1024w, https:\/\/rennovastudio.com\/wp-content\/uploads\/2025\/01\/Rennova_Av.-Mare-de-Deu-de-Montserrat-DESPUES-17-1-768x512.jpg 768w, https:\/\/rennovastudio.com\/wp-content\/uploads\/2025\/01\/Rennova_Av.-Mare-de-Deu-de-Montserrat-DESPUES-17-1-1536x1024.jpg 1536w, https:\/\/rennovastudio.com\/wp-content\/uploads\/2025\/01\/Rennova_Av.-Mare-de-Deu-de-Montserrat-DESPUES-17-1-2048x1365.jpg 2048w\" sizes=\"(max-width: 2560px) 100vw, 2560px\" \/>\n                <\/div>\n                \n                <div class=\"elementskit-box-body ekit-image-box-body\">\n                    <div class=\"elementskit-box-content ekit-image-box-body-inner\">\n                                                <h3 class=\"elementskit-info-box-title\">\n\n                        Proyecto Montserrat\n                        \n                    <\/h3>\n                                                            <div class=\"elementskit-box-style-content\">\n                        <b>Modalidad:<\/b> CRV<br>\n<b>Rentabilidad:<\/b> 27%\n                    <\/div>\n                                    <\/div>\n\n                            <\/div>\n            <\/div>\n    <\/div>\t\t\t\t<\/div>\n\t\t\t\t<\/div>\n\t\t\t\t<\/div>\n\t\t<div class=\"elementor-element elementor-element-b083d26 e-con-full e-flex e-con e-child\" data-id=\"b083d26\" data-element_type=\"container\" data-e-type=\"container\">\n\t\t\t\t<div class=\"elementor-element elementor-element-22c6ce0 ekit-equal-height-enable de_scroll_animation_no elementor-widget elementor-widget-elementskit-image-box\" data-id=\"22c6ce0\" data-element_type=\"widget\" data-e-type=\"widget\" data-widget_type=\"elementskit-image-box.default\">\n\t\t\t\t<div class=\"elementor-widget-container\">\n\t\t\t\t\t<div class=\"ekit-wid-con\" >\n            <div class=\"elementskit-info-image-box ekit-image-box text-center style-modern\" >\n\n                \n                <div class=\"elementskit-box-header image-box-img-center\">\n\n                    <img loading=\"lazy\" decoding=\"async\" width=\"2560\" height=\"1707\" src=\"https:\/\/rennovastudio.com\/wp-content\/uploads\/2025\/01\/Rennova_Av.-Can-Baro-4-scaled.jpg\" class=\"attachment-full size-full wp-image-916\" alt=\"\" srcset=\"https:\/\/rennovastudio.com\/wp-content\/uploads\/2025\/01\/Rennova_Av.-Can-Baro-4-scaled.jpg 2560w, https:\/\/rennovastudio.com\/wp-content\/uploads\/2025\/01\/Rennova_Av.-Can-Baro-4-300x200.jpg 300w, https:\/\/rennovastudio.com\/wp-content\/uploads\/2025\/01\/Rennova_Av.-Can-Baro-4-1024x683.jpg 1024w, https:\/\/rennovastudio.com\/wp-content\/uploads\/2025\/01\/Rennova_Av.-Can-Baro-4-768x512.jpg 768w, https:\/\/rennovastudio.com\/wp-content\/uploads\/2025\/01\/Rennova_Av.-Can-Baro-4-1536x1024.jpg 1536w, https:\/\/rennovastudio.com\/wp-content\/uploads\/2025\/01\/Rennova_Av.-Can-Baro-4-2048x1365.jpg 2048w\" sizes=\"(max-width: 2560px) 100vw, 2560px\" \/>\n                <\/div>\n                \n                <div class=\"elementskit-box-body ekit-image-box-body\">\n                    <div class=\"elementskit-box-content ekit-image-box-body-inner\">\n                                                <h3 class=\"elementskit-info-box-title\">\n\n                        Proyecto Bar\u00f3\n                        \n                    <\/h3>\n                                                            <div class=\"elementskit-box-style-content\">\n                        <b>Modalidad:<\/b> CRA<br>\n<b>Rentabilidad:<\/b> 8%\n                    <\/div>\n                                    <\/div>\n\n                            <\/div>\n            <\/div>\n    <\/div>\t\t\t\t<\/div>\n\t\t\t\t<\/div>\n\t\t\t\t<\/div>\n\t\t\t\t\t<\/div>\n\t\t\t\t<\/div>\n\t\t\t\t<\/div>\n\t\t","protected":false},"excerpt":{"rendered":"<p>En\u00a0Rennova Studio Real Estate sabemos que la inversi\u00f3n inmobiliaria no es solo una cuesti\u00f3n de n\u00fameros, sino una decisi\u00f3n estrat\u00e9gica que puede transformar tu futuro. Con nuestro servicio de\u00a0acompa\u00f1amiento en inversi\u00f3n inmobiliaria, te ayudamos a tomar decisiones informadas, maximizar el rendimiento de tu cartera y minimizar los riesgos, siempre con un enfoque personalizado y a [&hellip;]<\/p>\n","protected":false},"author":12,"featured_media":0,"parent":0,"menu_order":0,"comment_status":"closed","ping_status":"closed","template":"","meta":{"footnotes":""},"class_list":["post-149","page","type-page","status-publish","hentry"],"yoast_head":"<!-- This site is optimized with the Yoast SEO plugin v27.4 - https:\/\/yoast.com\/product\/yoast-seo-wordpress\/ -->\n<title>Invertir - Rennova Studio<\/title>\n<meta name=\"robots\" content=\"index, follow, max-snippet:-1, max-image-preview:large, max-video-preview:-1\" \/>\n<link rel=\"canonical\" href=\"https:\/\/rennovastudio.com\/es\/invertir\/\" \/>\n<meta property=\"og:locale\" content=\"es_ES\" \/>\n<meta property=\"og:type\" content=\"article\" \/>\n<meta property=\"og:title\" content=\"Invertir - Rennova Studio\" \/>\n<meta property=\"og:description\" content=\"En\u00a0Rennova Studio Real Estate sabemos que la inversi\u00f3n inmobiliaria no es solo una cuesti\u00f3n de n\u00fameros, sino una decisi\u00f3n estrat\u00e9gica que puede transformar tu futuro. Con nuestro servicio de\u00a0acompa\u00f1amiento en inversi\u00f3n inmobiliaria, te ayudamos a tomar decisiones informadas, maximizar el rendimiento de tu cartera y minimizar los riesgos, siempre con un enfoque personalizado y a [&hellip;]\" \/>\n<meta property=\"og:url\" content=\"https:\/\/rennovastudio.com\/es\/invertir\/\" \/>\n<meta property=\"og:site_name\" content=\"Rennova Studio\" \/>\n<meta property=\"article:modified_time\" content=\"2025-06-26T06:00:06+00:00\" \/>\n<meta property=\"og:image\" content=\"https:\/\/rennovastudio.com\/wp-content\/uploads\/2025\/01\/Gemma_Sant-Agusti-DESPUES-22.jpg\" \/>\n<meta name=\"twitter:card\" content=\"summary_large_image\" \/>\n<script type=\"application\/ld+json\" class=\"yoast-schema-graph\">{\"@context\":\"https:\\\/\\\/schema.org\",\"@graph\":[{\"@type\":\"WebPage\",\"@id\":\"https:\\\/\\\/rennovastudio.com\\\/invertir\\\/\",\"url\":\"https:\\\/\\\/rennovastudio.com\\\/invertir\\\/\",\"name\":\"Invertir - Rennova Studio\",\"isPartOf\":{\"@id\":\"https:\\\/\\\/rennovastudio.com\\\/es\\\/#website\"},\"primaryImageOfPage\":{\"@id\":\"https:\\\/\\\/rennovastudio.com\\\/invertir\\\/#primaryimage\"},\"image\":{\"@id\":\"https:\\\/\\\/rennovastudio.com\\\/invertir\\\/#primaryimage\"},\"thumbnailUrl\":\"https:\\\/\\\/rennovastudio.com\\\/wp-content\\\/uploads\\\/2025\\\/01\\\/Gemma_Sant-Agusti-DESPUES-22.jpg\",\"datePublished\":\"2025-01-12T05:55:28+00:00\",\"dateModified\":\"2025-06-26T06:00:06+00:00\",\"breadcrumb\":{\"@id\":\"https:\\\/\\\/rennovastudio.com\\\/invertir\\\/#breadcrumb\"},\"inLanguage\":\"es\",\"potentialAction\":[{\"@type\":\"ReadAction\",\"target\":[\"https:\\\/\\\/rennovastudio.com\\\/invertir\\\/\"]}]},{\"@type\":\"ImageObject\",\"inLanguage\":\"es\",\"@id\":\"https:\\\/\\\/rennovastudio.com\\\/invertir\\\/#primaryimage\",\"url\":\"https:\\\/\\\/rennovastudio.com\\\/wp-content\\\/uploads\\\/2025\\\/01\\\/Gemma_Sant-Agusti-DESPUES-22.jpg\",\"contentUrl\":\"https:\\\/\\\/rennovastudio.com\\\/wp-content\\\/uploads\\\/2025\\\/01\\\/Gemma_Sant-Agusti-DESPUES-22.jpg\"},{\"@type\":\"BreadcrumbList\",\"@id\":\"https:\\\/\\\/rennovastudio.com\\\/invertir\\\/#breadcrumb\",\"itemListElement\":[{\"@type\":\"ListItem\",\"position\":1,\"name\":\"Portada\",\"item\":\"https:\\\/\\\/rennovastudio.com\\\/es\\\/\"},{\"@type\":\"ListItem\",\"position\":2,\"name\":\"Invertir\"}]},{\"@type\":\"WebSite\",\"@id\":\"https:\\\/\\\/rennovastudio.com\\\/es\\\/#website\",\"url\":\"https:\\\/\\\/rennovastudio.com\\\/es\\\/\",\"name\":\"Rennova Studio\",\"description\":\"Barcelona, S.L.\",\"potentialAction\":[{\"@type\":\"SearchAction\",\"target\":{\"@type\":\"EntryPoint\",\"urlTemplate\":\"https:\\\/\\\/rennovastudio.com\\\/es\\\/?s={search_term_string}\"},\"query-input\":{\"@type\":\"PropertyValueSpecification\",\"valueRequired\":true,\"valueName\":\"search_term_string\"}}],\"inLanguage\":\"es\"}]}<\/script>\n<!-- \/ Yoast SEO plugin. -->","yoast_head_json":{"title":"Invertir - Rennova Studio","robots":{"index":"index","follow":"follow","max-snippet":"max-snippet:-1","max-image-preview":"max-image-preview:large","max-video-preview":"max-video-preview:-1"},"canonical":"https:\/\/rennovastudio.com\/es\/invertir\/","og_locale":"es_ES","og_type":"article","og_title":"Invertir - Rennova Studio","og_description":"En\u00a0Rennova Studio Real Estate sabemos que la inversi\u00f3n inmobiliaria no es solo una cuesti\u00f3n de n\u00fameros, sino una decisi\u00f3n estrat\u00e9gica que puede transformar tu futuro. Con nuestro servicio de\u00a0acompa\u00f1amiento en inversi\u00f3n inmobiliaria, te ayudamos a tomar decisiones informadas, maximizar el rendimiento de tu cartera y minimizar los riesgos, siempre con un enfoque personalizado y a [&hellip;]","og_url":"https:\/\/rennovastudio.com\/es\/invertir\/","og_site_name":"Rennova Studio","article_modified_time":"2025-06-26T06:00:06+00:00","og_image":[{"url":"https:\/\/rennovastudio.com\/wp-content\/uploads\/2025\/01\/Gemma_Sant-Agusti-DESPUES-22.jpg","type":"","width":"","height":""}],"twitter_card":"summary_large_image","schema":{"@context":"https:\/\/schema.org","@graph":[{"@type":"WebPage","@id":"https:\/\/rennovastudio.com\/invertir\/","url":"https:\/\/rennovastudio.com\/invertir\/","name":"Invertir - Rennova Studio","isPartOf":{"@id":"https:\/\/rennovastudio.com\/es\/#website"},"primaryImageOfPage":{"@id":"https:\/\/rennovastudio.com\/invertir\/#primaryimage"},"image":{"@id":"https:\/\/rennovastudio.com\/invertir\/#primaryimage"},"thumbnailUrl":"https:\/\/rennovastudio.com\/wp-content\/uploads\/2025\/01\/Gemma_Sant-Agusti-DESPUES-22.jpg","datePublished":"2025-01-12T05:55:28+00:00","dateModified":"2025-06-26T06:00:06+00:00","breadcrumb":{"@id":"https:\/\/rennovastudio.com\/invertir\/#breadcrumb"},"inLanguage":"es","potentialAction":[{"@type":"ReadAction","target":["https:\/\/rennovastudio.com\/invertir\/"]}]},{"@type":"ImageObject","inLanguage":"es","@id":"https:\/\/rennovastudio.com\/invertir\/#primaryimage","url":"https:\/\/rennovastudio.com\/wp-content\/uploads\/2025\/01\/Gemma_Sant-Agusti-DESPUES-22.jpg","contentUrl":"https:\/\/rennovastudio.com\/wp-content\/uploads\/2025\/01\/Gemma_Sant-Agusti-DESPUES-22.jpg"},{"@type":"BreadcrumbList","@id":"https:\/\/rennovastudio.com\/invertir\/#breadcrumb","itemListElement":[{"@type":"ListItem","position":1,"name":"Portada","item":"https:\/\/rennovastudio.com\/es\/"},{"@type":"ListItem","position":2,"name":"Invertir"}]},{"@type":"WebSite","@id":"https:\/\/rennovastudio.com\/es\/#website","url":"https:\/\/rennovastudio.com\/es\/","name":"Rennova Studio","description":"Barcelona, S.L.","potentialAction":[{"@type":"SearchAction","target":{"@type":"EntryPoint","urlTemplate":"https:\/\/rennovastudio.com\/es\/?s={search_term_string}"},"query-input":{"@type":"PropertyValueSpecification","valueRequired":true,"valueName":"search_term_string"}}],"inLanguage":"es"}]}},"_links":{"self":[{"href":"https:\/\/rennovastudio.com\/es\/wp-json\/wp\/v2\/pages\/149","targetHints":{"allow":["GET"]}}],"collection":[{"href":"https:\/\/rennovastudio.com\/es\/wp-json\/wp\/v2\/pages"}],"about":[{"href":"https:\/\/rennovastudio.com\/es\/wp-json\/wp\/v2\/types\/page"}],"author":[{"embeddable":true,"href":"https:\/\/rennovastudio.com\/es\/wp-json\/wp\/v2\/users\/12"}],"replies":[{"embeddable":true,"href":"https:\/\/rennovastudio.com\/es\/wp-json\/wp\/v2\/comments?post=149"}],"version-history":[{"count":3,"href":"https:\/\/rennovastudio.com\/es\/wp-json\/wp\/v2\/pages\/149\/revisions"}],"predecessor-version":[{"id":1787,"href":"https:\/\/rennovastudio.com\/es\/wp-json\/wp\/v2\/pages\/149\/revisions\/1787"}],"wp:attachment":[{"href":"https:\/\/rennovastudio.com\/es\/wp-json\/wp\/v2\/media?parent=149"}],"curies":[{"name":"wp","href":"https:\/\/api.w.org\/{rel}","templated":true}]}}